{"id":312,"date":"2024-06-28T21:17:16","date_gmt":"2024-06-28T21:17:16","guid":{"rendered":"https:\/\/scoutsonda163.org\/?page_id=312"},"modified":"2025-01-22T17:07:28","modified_gmt":"2025-01-22T17:07:28","slug":"actividades","status":"publish","type":"page","link":"https:\/\/scoutsonda163.org\/ca\/actividades\/","title":{"rendered":"Activitats"},"content":{"rendered":"<div data-elementor-type=\"wp-page\" data-elementor-id=\"312\" class=\"elementor elementor-312\" data-elementor-post-type=\"page\">\n\t\t\t\t<div class=\"elementor-element elementor-element-06c2126 e-flex e-con-boxed wpr-particle-no wpr-jarallax-no wpr-parallax-no wpr-sticky-section-no wpr-equal-height-no e-con e-parent\" data-id=\"06c2126\" data-element_type=\"container\" data-e-type=\"container\">\n\t\t\t\t\t<div class=\"e-con-inner\">\n\t\t\t\t<div class=\"elementor-element elementor-element-4b6f44a elementor-widget elementor-widget-heading\" data-id=\"4b6f44a\" data-element_type=\"widget\" data-e-type=\"widget\" data-widget_type=\"heading.default\">\n\t\t\t\t<div class=\"elementor-widget-container\">\n\t\t\t\t\t<h2 class=\"elementor-heading-title elementor-size-default\">Quines activitats fem?<\/h2>\t\t\t\t<\/div>\n\t\t\t\t<\/div>\n\t\t\t\t\t<\/div>\n\t\t\t\t<\/div>\n\t\t<div class=\"elementor-element elementor-element-30a325e e-flex e-con-boxed wpr-particle-no wpr-jarallax-no wpr-parallax-no wpr-sticky-section-no wpr-equal-height-no e-con e-parent\" data-id=\"30a325e\" data-element_type=\"container\" data-e-type=\"container\">\n\t\t\t\t\t<div class=\"e-con-inner\">\n\t\t\t\t<div class=\"elementor-element elementor-element-98c05ee elementor-widget elementor-widget-text-editor\" data-id=\"98c05ee\" data-element_type=\"widget\" data-e-type=\"widget\" data-widget_type=\"text-editor.default\">\n\t\t\t\t<div class=\"elementor-widget-container\">\n\t\t\t\t\t\t\t\t\t<p>Les nostres activitats s\u00f3n molt variades per\u00f2, principalment, les organitzem de la seg\u00fcent manera:<\/p><p style=\"padding-left: 40px;\">1. Campaments;<\/p><p style=\"padding-left: 40px;\">2. Activitats setmanals;<\/p><p style=\"padding-left: 40px;\">3. Activitats de servei;<\/p><p style=\"padding-left: 40px;\">4. Activitats federatives.<\/p>\t\t\t\t\t\t\t\t<\/div>\n\t\t\t\t<\/div>\n\t\t\t\t<div class=\"elementor-element elementor-element-7df53ff elementor-widget elementor-widget-heading\" data-id=\"7df53ff\" data-element_type=\"widget\" data-e-type=\"widget\" data-widget_type=\"heading.default\">\n\t\t\t\t<div class=\"elementor-widget-container\">\n\t\t\t\t\t<h3 class=\"elementor-heading-title elementor-size-default\">Campaments<\/h3>\t\t\t\t<\/div>\n\t\t\t\t<\/div>\n\t\t\t\t\t<\/div>\n\t\t\t\t<\/div>\n\t\t<div class=\"elementor-element elementor-element-994c823 e-flex e-con-boxed wpr-particle-no wpr-jarallax-no wpr-parallax-no wpr-sticky-section-no wpr-equal-height-no e-con e-parent\" data-id=\"994c823\" data-element_type=\"container\" data-e-type=\"container\">\n\t\t\t\t\t<div class=\"e-con-inner\">\n\t\t\t\t<div class=\"elementor-element elementor-element-f7b9c99 elementor-widget elementor-widget-text-editor\" data-id=\"f7b9c99\" data-element_type=\"widget\" data-e-type=\"widget\" data-widget_type=\"text-editor.default\">\n\t\t\t\t<div class=\"elementor-widget-container\">\n\t\t\t\t\t\t\t\t\t<p>El m\u00e9s habitual \u00e9s que realitzem, almenys, tres campaments a l'any:<\/p>\t\t\t\t\t\t\t\t<\/div>\n\t\t\t\t<\/div>\n\t\t\t\t\t<\/div>\n\t\t\t\t<\/div>\n\t\t<div class=\"elementor-element elementor-element-d6df925 e-flex e-con-boxed wpr-particle-no wpr-jarallax-no wpr-parallax-no wpr-sticky-section-no wpr-equal-height-no e-con e-parent\" data-id=\"d6df925\" data-element_type=\"container\" data-e-type=\"container\">\n\t\t\t\t\t<div class=\"e-con-inner\">\n\t\t<div class=\"elementor-element elementor-element-b5446e9 e-con-full e-flex wpr-particle-no wpr-jarallax-no wpr-parallax-no wpr-sticky-section-no wpr-equal-height-no e-con e-child\" data-id=\"b5446e9\" data-element_type=\"container\" data-e-type=\"container\">\n\t\t\t\t<div class=\"elementor-element elementor-element-27f5d85 elementor-widget elementor-widget-image\" data-id=\"27f5d85\" data-element_type=\"widget\" data-e-type=\"widget\" data-widget_type=\"image.default\">\n\t\t\t\t<div class=\"elementor-widget-container\">\n\t\t\t\t\t\t\t\t\t\t\t\t\t\t\t<img fetchpriority=\"high\" decoding=\"async\" width=\"1024\" height=\"768\" src=\"https:\/\/scoutsonda163.org\/wp-content\/uploads\/2024\/07\/campamento-pascua-1024x768.jpg\" class=\"attachment-large size-large wp-image-1006\" alt=\"\" srcset=\"https:\/\/scoutsonda163.org\/wp-content\/uploads\/2024\/07\/campamento-pascua-1024x768.jpg 1024w, https:\/\/scoutsonda163.org\/wp-content\/uploads\/2024\/07\/campamento-pascua-300x225.jpg 300w, https:\/\/scoutsonda163.org\/wp-content\/uploads\/2024\/07\/campamento-pascua-768x576.jpg 768w, https:\/\/scoutsonda163.org\/wp-content\/uploads\/2024\/07\/campamento-pascua-1536x1152.jpg 1536w, https:\/\/scoutsonda163.org\/wp-content\/uploads\/2024\/07\/campamento-pascua-2048x1536.jpg 2048w, https:\/\/scoutsonda163.org\/wp-content\/uploads\/2024\/07\/campamento-pascua-16x12.jpg 16w, https:\/\/scoutsonda163.org\/wp-content\/uploads\/2024\/07\/campamento-pascua-600x450.jpg 600w\" sizes=\"(max-width: 1024px) 100vw, 1024px\" \/>\t\t\t\t\t\t\t\t\t\t\t\t\t\t\t<\/div>\n\t\t\t\t<\/div>\n\t\t\t\t<\/div>\n\t\t<div class=\"elementor-element elementor-element-8262fe3 e-con-full e-flex wpr-particle-no wpr-jarallax-no wpr-parallax-no wpr-sticky-section-no wpr-equal-height-no e-con e-child\" data-id=\"8262fe3\" data-element_type=\"container\" data-e-type=\"container\">\n\t\t\t\t<div class=\"elementor-element elementor-element-334904b elementor-widget elementor-widget-text-editor\" data-id=\"334904b\" data-element_type=\"widget\" data-e-type=\"widget\" data-widget_type=\"text-editor.default\">\n\t\t\t\t<div class=\"elementor-widget-container\">\n\t\t\t\t\t\t\t\t\t<p>1. El <b>campament d'inici de ronda solar<\/b>: comen\u00e7a a les activitats de les seccions. Es realitza a finals de setembre o principis d'octubre a la nostra localitat (Onda) i nom\u00e9s es fa pernocta durant una nit.<\/p>\t\t\t\t\t\t\t\t<\/div>\n\t\t\t\t<\/div>\n\t\t<div class=\"elementor-element elementor-element-2d9c5e8 e-con-full e-flex wpr-particle-no wpr-jarallax-no wpr-parallax-no wpr-sticky-section-no wpr-equal-height-no e-con e-child\" data-id=\"2d9c5e8\" data-element_type=\"container\" data-e-type=\"container\">\n\t\t\t\t<div class=\"elementor-element elementor-element-02efd9d elementor-widget elementor-widget-text-editor\" data-id=\"02efd9d\" data-element_type=\"widget\" data-e-type=\"widget\" data-widget_type=\"text-editor.default\">\n\t\t\t\t<div class=\"elementor-widget-container\">\n\t\t\t\t\t\t\t\t\t<p>2. El <b>campament de Pasqua<\/b>\u00a0es realitza durant 4 dies, de dimarts a divendres, durant aquesta festivitat.<\/p>\t\t\t\t\t\t\t\t<\/div>\n\t\t\t\t<\/div>\n\t\t\t\t<\/div>\n\t\t<div class=\"elementor-element elementor-element-3f8598d e-con-full e-flex wpr-particle-no wpr-jarallax-no wpr-parallax-no wpr-sticky-section-no wpr-equal-height-no e-con e-child\" data-id=\"3f8598d\" data-element_type=\"container\" data-e-type=\"container\">\n\t\t\t\t<div class=\"elementor-element elementor-element-dd58fd0 elementor-widget elementor-widget-text-editor\" data-id=\"dd58fd0\" data-element_type=\"widget\" data-e-type=\"widget\" data-widget_type=\"text-editor.default\">\n\t\t\t\t<div class=\"elementor-widget-container\">\n\t\t\t\t\t\t\t\t\t<p>3. El <b>campament d'estiu<\/b>\u00a0que es desenvolupa durant 8 dies, habitualment la darrera setmana de juliol.\u00a0<\/p>\t\t\t\t\t\t\t\t<\/div>\n\t\t\t\t<\/div>\n\t\t\t\t<\/div>\n\t\t\t\t<\/div>\n\t\t\t\t\t<\/div>\n\t\t\t\t<\/div>\n\t\t<div class=\"elementor-element elementor-element-681f3a5 e-flex e-con-boxed wpr-particle-no wpr-jarallax-no wpr-parallax-no wpr-sticky-section-no wpr-equal-height-no e-con e-parent\" data-id=\"681f3a5\" data-element_type=\"container\" data-e-type=\"container\">\n\t\t\t\t\t<div class=\"e-con-inner\">\n\t\t\t\t<div class=\"elementor-element elementor-element-9cf55c7 elementor-widget elementor-widget-text-editor\" data-id=\"9cf55c7\" data-element_type=\"widget\" data-e-type=\"widget\" data-widget_type=\"text-editor.default\">\n\t\t\t\t<div class=\"elementor-widget-container\">\n\t\t\t\t\t\t\t\t\t<p>Les seccions majors, com ara Tropa, Escolta i\/o Clan poden realitzar altres campaments als anteriorment esmentats, que seran organitzats i comunicats amb av\u00eds previ a les fam\u00edlies.<\/p>\t\t\t\t\t\t\t\t<\/div>\n\t\t\t\t<\/div>\n\t\t\t\t<div class=\"elementor-element elementor-element-16a7134 elementor-widget elementor-widget-heading\" data-id=\"16a7134\" data-element_type=\"widget\" data-e-type=\"widget\" data-widget_type=\"heading.default\">\n\t\t\t\t<div class=\"elementor-widget-container\">\n\t\t\t\t\t<h3 class=\"elementor-heading-title elementor-size-default\">Activitats setmanals<\/h3>\t\t\t\t<\/div>\n\t\t\t\t<\/div>\n\t\t\t\t\t<\/div>\n\t\t\t\t<\/div>\n\t\t<div class=\"elementor-element elementor-element-65b7d3b e-grid e-con-boxed wpr-particle-no wpr-jarallax-no wpr-parallax-no wpr-sticky-section-no wpr-equal-height-no e-con e-parent\" data-id=\"65b7d3b\" data-element_type=\"container\" data-e-type=\"container\">\n\t\t\t\t\t<div class=\"e-con-inner\">\n\t\t\t\t<div class=\"elementor-element elementor-element-c460d7b elementor-widget elementor-widget-image\" data-id=\"c460d7b\" data-element_type=\"widget\" data-e-type=\"widget\" data-widget_type=\"image.default\">\n\t\t\t\t<div class=\"elementor-widget-container\">\n\t\t\t\t\t\t\t\t\t\t\t\t\t\t\t<img decoding=\"async\" width=\"1024\" height=\"462\" src=\"https:\/\/scoutsonda163.org\/wp-content\/uploads\/2024\/07\/actividad-de-local-1024x462.jpg\" class=\"attachment-large size-large wp-image-1013\" alt=\"\" srcset=\"https:\/\/scoutsonda163.org\/wp-content\/uploads\/2024\/07\/actividad-de-local-1024x462.jpg 1024w, https:\/\/scoutsonda163.org\/wp-content\/uploads\/2024\/07\/actividad-de-local-300x135.jpg 300w, https:\/\/scoutsonda163.org\/wp-content\/uploads\/2024\/07\/actividad-de-local-768x346.jpg 768w, https:\/\/scoutsonda163.org\/wp-content\/uploads\/2024\/07\/actividad-de-local-1536x692.jpg 1536w, https:\/\/scoutsonda163.org\/wp-content\/uploads\/2024\/07\/actividad-de-local-2048x923.jpg 2048w, https:\/\/scoutsonda163.org\/wp-content\/uploads\/2024\/07\/actividad-de-local-18x8.jpg 18w, https:\/\/scoutsonda163.org\/wp-content\/uploads\/2024\/07\/actividad-de-local-600x270.jpg 600w\" sizes=\"(max-width: 1024px) 100vw, 1024px\" \/>\t\t\t\t\t\t\t\t\t\t\t\t\t\t\t<\/div>\n\t\t\t\t<\/div>\n\t\t\t\t<div class=\"elementor-element elementor-element-389b3f5 elementor-widget elementor-widget-text-editor\" data-id=\"389b3f5\" data-element_type=\"widget\" data-e-type=\"widget\" data-widget_type=\"text-editor.default\">\n\t\t\t\t<div class=\"elementor-widget-container\">\n\t\t\t\t\t\t\t\t\t<p>Les activitats setmanals de les seccions normalment es desenvoluparan al <b>local del Grup Scout Sant\u00edssim Salvador <\/b>(Carrer del Ceramista Abad, 2, 12200 Onda, Castell\u00f3). Aquestes estaran programades al nostre Calendari (que pots consultar <a href=\"https:\/\/scoutsonda163.org\/ca\/inicio\/\"><b>AC\u00cd<\/b><\/a>) i seran informades a trav\u00e9s dels diferents canals de comunicaci\u00f3 del grup amb les fam\u00edlies.<\/p>\t\t\t\t\t\t\t\t<\/div>\n\t\t\t\t<\/div>\n\t\t\t\t\t<\/div>\n\t\t\t\t<\/div>\n\t\t<div class=\"elementor-element elementor-element-dfb8bd4 e-grid e-con-boxed wpr-particle-no wpr-jarallax-no wpr-parallax-no wpr-sticky-section-no wpr-equal-height-no e-con e-parent\" data-id=\"dfb8bd4\" data-element_type=\"container\" data-e-type=\"container\">\n\t\t\t\t\t<div class=\"e-con-inner\">\n\t\t\t\t<div class=\"elementor-element elementor-element-c1b28b9 elementor-widget elementor-widget-text-editor\" data-id=\"c1b28b9\" data-element_type=\"widget\" data-e-type=\"widget\" data-widget_type=\"text-editor.default\">\n\t\t\t\t<div class=\"elementor-widget-container\">\n\t\t\t\t\t\t\t\t\t<p>A m\u00e9s de les activitats de local, tamb\u00e9 es poden desenvolupar activitats <b>fora del local<\/b>\u00a0que poden ser excursions, jocs a llocs p\u00fablics, activitats organitzades\u2026<\/p><p>Sempre que calgui sortir de la localitat es requerir\u00e0 <b>autoritzaci\u00f3 de les fam\u00edlies<\/b>\u00a0dels\/les menors d'edat, i seran comunicades a les fam\u00edlies a trav\u00e9s dels diferents canals de comunicaci\u00f3.<\/p>\t\t\t\t\t\t\t\t<\/div>\n\t\t\t\t<\/div>\n\t\t\t\t<div class=\"elementor-element elementor-element-1622a63 elementor-widget elementor-widget-image\" data-id=\"1622a63\" data-element_type=\"widget\" data-e-type=\"widget\" data-widget_type=\"image.default\">\n\t\t\t\t<div class=\"elementor-widget-container\">\n\t\t\t\t\t\t\t\t\t\t\t\t\t\t\t<img decoding=\"async\" width=\"1024\" height=\"763\" src=\"https:\/\/scoutsonda163.org\/wp-content\/uploads\/2024\/07\/actividad-fuera-del-local-1024x763.jpg\" class=\"attachment-large size-large wp-image-1014\" alt=\"\" srcset=\"https:\/\/scoutsonda163.org\/wp-content\/uploads\/2024\/07\/actividad-fuera-del-local-1024x763.jpg 1024w, https:\/\/scoutsonda163.org\/wp-content\/uploads\/2024\/07\/actividad-fuera-del-local-300x224.jpg 300w, https:\/\/scoutsonda163.org\/wp-content\/uploads\/2024\/07\/actividad-fuera-del-local-768x572.jpg 768w, https:\/\/scoutsonda163.org\/wp-content\/uploads\/2024\/07\/actividad-fuera-del-local-1536x1145.jpg 1536w, https:\/\/scoutsonda163.org\/wp-content\/uploads\/2024\/07\/actividad-fuera-del-local-2048x1527.jpg 2048w, https:\/\/scoutsonda163.org\/wp-content\/uploads\/2024\/07\/actividad-fuera-del-local-16x12.jpg 16w, https:\/\/scoutsonda163.org\/wp-content\/uploads\/2024\/07\/actividad-fuera-del-local-600x447.jpg 600w\" sizes=\"(max-width: 1024px) 100vw, 1024px\" \/>\t\t\t\t\t\t\t\t\t\t\t\t\t\t\t<\/div>\n\t\t\t\t<\/div>\n\t\t\t\t\t<\/div>\n\t\t\t\t<\/div>\n\t\t<div class=\"elementor-element elementor-element-b76b7b0 e-flex e-con-boxed wpr-particle-no wpr-jarallax-no wpr-parallax-no wpr-sticky-section-no wpr-equal-height-no e-con e-parent\" data-id=\"b76b7b0\" data-element_type=\"container\" data-e-type=\"container\">\n\t\t\t\t\t<div class=\"e-con-inner\">\n\t\t\t\t<div class=\"elementor-element elementor-element-f2d7e3f elementor-widget elementor-widget-heading\" data-id=\"f2d7e3f\" data-element_type=\"widget\" data-e-type=\"widget\" data-widget_type=\"heading.default\">\n\t\t\t\t<div class=\"elementor-widget-container\">\n\t\t\t\t\t<h3 class=\"elementor-heading-title elementor-size-default\">Activitats de servei<\/h3>\t\t\t\t<\/div>\n\t\t\t\t<\/div>\n\t\t\t\t\t<\/div>\n\t\t\t\t<\/div>\n\t\t<div class=\"elementor-element elementor-element-732555b e-grid e-con-boxed wpr-particle-no wpr-jarallax-no wpr-parallax-no wpr-sticky-section-no wpr-equal-height-no e-con e-parent\" data-id=\"732555b\" data-element_type=\"container\" data-e-type=\"container\">\n\t\t\t\t\t<div class=\"e-con-inner\">\n\t\t\t\t<div class=\"elementor-element elementor-element-a3a470b elementor-widget elementor-widget-image\" data-id=\"a3a470b\" data-element_type=\"widget\" data-e-type=\"widget\" data-widget_type=\"image.default\">\n\t\t\t\t<div class=\"elementor-widget-container\">\n\t\t\t\t\t\t\t\t\t\t\t\t\t\t\t<img loading=\"lazy\" decoding=\"async\" width=\"1024\" height=\"767\" src=\"https:\/\/scoutsonda163.org\/wp-content\/uploads\/2024\/07\/394254984_7022518824479331_543330120448082374_n-1024x767.jpg\" class=\"attachment-large size-large wp-image-1017\" alt=\"\" srcset=\"https:\/\/scoutsonda163.org\/wp-content\/uploads\/2024\/07\/394254984_7022518824479331_543330120448082374_n-1024x767.jpg 1024w, https:\/\/scoutsonda163.org\/wp-content\/uploads\/2024\/07\/394254984_7022518824479331_543330120448082374_n-300x225.jpg 300w, https:\/\/scoutsonda163.org\/wp-content\/uploads\/2024\/07\/394254984_7022518824479331_543330120448082374_n-768x575.jpg 768w, https:\/\/scoutsonda163.org\/wp-content\/uploads\/2024\/07\/394254984_7022518824479331_543330120448082374_n-1536x1150.jpg 1536w, https:\/\/scoutsonda163.org\/wp-content\/uploads\/2024\/07\/394254984_7022518824479331_543330120448082374_n-16x12.jpg 16w, https:\/\/scoutsonda163.org\/wp-content\/uploads\/2024\/07\/394254984_7022518824479331_543330120448082374_n-600x449.jpg 600w, https:\/\/scoutsonda163.org\/wp-content\/uploads\/2024\/07\/394254984_7022518824479331_543330120448082374_n.jpg 1600w\" sizes=\"(max-width: 1024px) 100vw, 1024px\" \/>\t\t\t\t\t\t\t\t\t\t\t\t\t\t\t<\/div>\n\t\t\t\t<\/div>\n\t\t\t\t<div class=\"elementor-element elementor-element-542ef45 elementor-widget elementor-widget-text-editor\" data-id=\"542ef45\" data-element_type=\"widget\" data-e-type=\"widget\" data-widget_type=\"text-editor.default\">\n\t\t\t\t<div class=\"elementor-widget-container\">\n\t\t\t\t\t\t\t\t\t<p>Com a scouts tenim un elevat comprom\u00eds amb la societat, i especialment amb la nostra localitat, per la qual cosa tamb\u00e9 donem suport i col\u00b7laborem amb les activitats que es realitzen a Onda en diferents moments, com l'ofrena de flors, el dia del Salvador, la Marxa contra el c\u00e0ncer, etc\u2026<\/p><p>Aquestes activitats <b>requereixen\u00a0<\/b><strong>sempre d'uniformitat\u00a0<\/strong>(camisa, pantalons blaus i panyoleta) i seran comunicades amb antelaci\u00f3 a les fam\u00edlies a trav\u00e9s dels diferents canals de qu\u00e8 disposem.<\/p>\t\t\t\t\t\t\t\t<\/div>\n\t\t\t\t<\/div>\n\t\t\t\t\t<\/div>\n\t\t\t\t<\/div>\n\t\t<div class=\"elementor-element elementor-element-23affe8 e-flex e-con-boxed wpr-particle-no wpr-jarallax-no wpr-parallax-no wpr-sticky-section-no wpr-equal-height-no e-con e-parent\" data-id=\"23affe8\" data-element_type=\"container\" data-e-type=\"container\">\n\t\t\t\t\t<div class=\"e-con-inner\">\n\t\t\t\t<div class=\"elementor-element elementor-element-c33c349 elementor-widget elementor-widget-heading\" data-id=\"c33c349\" data-element_type=\"widget\" data-e-type=\"widget\" data-widget_type=\"heading.default\">\n\t\t\t\t<div class=\"elementor-widget-container\">\n\t\t\t\t\t<h3 class=\"elementor-heading-title elementor-size-default\">Activitats federatives<\/h3>\t\t\t\t<\/div>\n\t\t\t\t<\/div>\n\t\t\t\t\t<\/div>\n\t\t\t\t<\/div>\n\t\t<div class=\"elementor-element elementor-element-07fb734 e-grid e-con-boxed wpr-particle-no wpr-jarallax-no wpr-parallax-no wpr-sticky-section-no wpr-equal-height-no e-con e-parent\" data-id=\"07fb734\" data-element_type=\"container\" data-e-type=\"container\">\n\t\t\t\t\t<div class=\"e-con-inner\">\n\t\t\t\t<div class=\"elementor-element elementor-element-86b117e elementor-widget elementor-widget-text-editor\" data-id=\"86b117e\" data-element_type=\"widget\" data-e-type=\"widget\" data-widget_type=\"text-editor.default\">\n\t\t\t\t<div class=\"elementor-widget-container\">\n\t\t\t\t\t\t\t\t\t<p>Com a grup scout pertanyent a la Federaci\u00f3 de Scouts Valencians tamb\u00e9 participem en les diferents activitats que es proposen des de la Federaci\u00f3 i que pots consultar <a href=\"https:\/\/scoutsvalencians.org\/mundo-scout\/actividades\/\"><b>AC\u00cd<\/b><\/a>.<\/p>\n<p>Aquestes activitats&nbsp;<span style=\"font-weight: bold;\">requereixen&nbsp;<\/span><span style=\"font-weight: bolder;\">sempre d'uniformitat&nbsp;<\/span>(camisa, pantalons blaus i mocadors) i poden suposar pernoctar un o diversos dies. A m\u00e9s, caldr\u00e0 <b>autoritzaci\u00f3 familiar<\/b>&nbsp;perqu\u00e8 els\/les menors puguin participar-hi.<\/p>\t\t\t\t\t\t\t\t<\/div>\n\t\t\t\t<\/div>\n\t\t\t\t<div class=\"elementor-element elementor-element-242910e elementor-widget elementor-widget-image\" data-id=\"242910e\" data-element_type=\"widget\" data-e-type=\"widget\" data-widget_type=\"image.default\">\n\t\t\t\t<div class=\"elementor-widget-container\">\n\t\t\t\t\t\t\t\t\t\t\t\t\t\t\t<img loading=\"lazy\" decoding=\"async\" width=\"1024\" height=\"683\" src=\"https:\/\/scoutsonda163.org\/wp-content\/uploads\/2024\/07\/20230422_124017_FESTIJORDI_JCC-1024x683.jpg\" class=\"attachment-large size-large wp-image-1018\" alt=\"\" srcset=\"https:\/\/scoutsonda163.org\/wp-content\/uploads\/2024\/07\/20230422_124017_FESTIJORDI_JCC-1024x683.jpg 1024w, https:\/\/scoutsonda163.org\/wp-content\/uploads\/2024\/07\/20230422_124017_FESTIJORDI_JCC-300x200.jpg 300w, https:\/\/scoutsonda163.org\/wp-content\/uploads\/2024\/07\/20230422_124017_FESTIJORDI_JCC-768x512.jpg 768w, https:\/\/scoutsonda163.org\/wp-content\/uploads\/2024\/07\/20230422_124017_FESTIJORDI_JCC-1536x1024.jpg 1536w, https:\/\/scoutsonda163.org\/wp-content\/uploads\/2024\/07\/20230422_124017_FESTIJORDI_JCC-2048x1365.jpg 2048w, https:\/\/scoutsonda163.org\/wp-content\/uploads\/2024\/07\/20230422_124017_FESTIJORDI_JCC-18x12.jpg 18w, https:\/\/scoutsonda163.org\/wp-content\/uploads\/2024\/07\/20230422_124017_FESTIJORDI_JCC-600x400.jpg 600w\" sizes=\"(max-width: 1024px) 100vw, 1024px\" \/>\t\t\t\t\t\t\t\t\t\t\t\t\t\t\t<\/div>\n\t\t\t\t<\/div>\n\t\t\t\t\t<\/div>\n\t\t\t\t<\/div>\n\t\t\t\t<\/div>","protected":false},"excerpt":{"rendered":"<p>\u00bfQu\u00e9 actividades hacemos? Nuestras actividades son muy variadas pero, principalmente, las organizamos de la siguiente manera: 1. Campamentos; 2. Actividades semanales; 3. Actividades de servicio; 4. Actividades federativas. Campamentos Lo habitual es que realicemos, al menos, tres campamentos al a\u00f1o: 1. El campamento de inicio de ronda solar: da comienzo a las actividades de las secciones. Se realiza a finales de septiembre o principios de octubre en nuestra localidad (Onda) y \u00fanicamente se hace pernocta durante una noche. 2. El campamento de Pascua\u00a0se realiza durante 4 d\u00edas, de martes a viernes, durante dicha festividad. 3. El campamento de verano\u00a0que se desarrolla durante 8 d\u00edas, habitualmente la \u00faltima semana de julio.\u00a0 Las secciones mayores, como Tropa, Esculta y\/o Clan pueden realizar otros campamentos a los anteriormente mencionados, que ser\u00e1n organizados y comunicados con previo aviso a las familias. Actividades semanales Las actividades semanales de las secciones normalmente se desarrollar\u00e1n en el local del Grup Scout Sant\u00edssim Salvador (Carrer del Ceramista Abad, 2, 12200 Onda, Castell\u00f3). Estas estar\u00e1n programadas en nuestro Calendario (que puedes consultar AQU\u00cd) y ser\u00e1n informadas a trav\u00e9s de los diferentes canales de comunicaci\u00f3n del grupo con las\u00a0 familias. Adem\u00e1s de las actividades de local, tambi\u00e9n se pueden desarrollar actividades fuera del local\u00a0que pueden ser excursiones, juegos en lugares p\u00fablicos, actividades organizadas&#8230; Siempre que haya que salir de la localidad se requerir\u00e1 autorizaci\u00f3n de las familias\u00a0de los\/as menores de edad, y ser\u00e1n comunicadas a las familias a trav\u00e9s de los diferentes canales de comunicaci\u00f3n. Actividades de servicio Como scouts tenemos un elevado compromiso con la sociedad, y especialmente con nuestra localidad, por lo que tambi\u00e9n damos apoyo y colaboramos con las actividades que se realizan en Onda en diferentes momentos, como la ofrenda de flores, el d\u00eda del Salvador, la Marxa contra el c\u00e1ncer, etc&#8230; Estas actividades requieren\u00a0siempre de uniformidad\u00a0(camisa, pantal\u00f3n azul y pa\u00f1oleta) y ser\u00e1n comunicadas con antelaci\u00f3n a las familias a trav\u00e9s de los diferentes canales de los que disponemos. Actividades federativas Como grupo scout perteneciente a la Federaci\u00f3n de Scouts Valencians tambi\u00e9n participamos en las diferentes actividades que se proponen desde dicha Federaci\u00f3n y que puedes consultar AQU\u00cd. Estas actividades&nbsp;requieren&nbsp;siempre de uniformidad&nbsp;(camisa, pantal\u00f3n azul y pa\u00f1oleta) y pueden suponer pernoctar uno o varios d\u00edas. Adem\u00e1s, se necesitar\u00e1 de autorizaci\u00f3n familiar&nbsp;para que los\/as menores puedan participar en las mismas.<\/p>","protected":false},"author":1,"featured_media":1266,"parent":0,"menu_order":0,"comment_status":"closed","ping_status":"closed","template":"","meta":{"_themeisle_gutenberg_block_has_review":false,"footnotes":""},"class_list":["post-312","page","type-page","status-publish","has-post-thumbnail","hentry"],"jetpack_sharing_enabled":true,"_links":{"self":[{"href":"https:\/\/scoutsonda163.org\/ca\/wp-json\/wp\/v2\/pages\/312","targetHints":{"allow":["GET"]}}],"collection":[{"href":"https:\/\/scoutsonda163.org\/ca\/wp-json\/wp\/v2\/pages"}],"about":[{"href":"https:\/\/scoutsonda163.org\/ca\/wp-json\/wp\/v2\/types\/page"}],"author":[{"embeddable":true,"href":"https:\/\/scoutsonda163.org\/ca\/wp-json\/wp\/v2\/users\/1"}],"replies":[{"embeddable":true,"href":"https:\/\/scoutsonda163.org\/ca\/wp-json\/wp\/v2\/comments?post=312"}],"version-history":[{"count":16,"href":"https:\/\/scoutsonda163.org\/ca\/wp-json\/wp\/v2\/pages\/312\/revisions"}],"predecessor-version":[{"id":1327,"href":"https:\/\/scoutsonda163.org\/ca\/wp-json\/wp\/v2\/pages\/312\/revisions\/1327"}],"wp:featuredmedia":[{"embeddable":true,"href":"https:\/\/scoutsonda163.org\/ca\/wp-json\/wp\/v2\/media\/1266"}],"wp:attachment":[{"href":"https:\/\/scoutsonda163.org\/ca\/wp-json\/wp\/v2\/media?parent=312"}],"curies":[{"name":"wp","href":"https:\/\/api.w.org\/{rel}","templated":true}]}}