{"id":310,"date":"2024-06-28T21:17:16","date_gmt":"2024-06-28T21:17:16","guid":{"rendered":"https:\/\/scoutsonda163.org\/?page_id=310"},"modified":"2024-07-15T09:22:42","modified_gmt":"2024-07-15T09:22:42","slug":"mochila-campamento","status":"publish","type":"page","link":"https:\/\/scoutsonda163.org\/ca\/mochila-campamento\/","title":{"rendered":"Motxilla campament"},"content":{"rendered":"<div data-elementor-type=\"wp-page\" data-elementor-id=\"310\" class=\"elementor elementor-310\" data-elementor-post-type=\"page\">\n\t\t\t\t<div class=\"elementor-element elementor-element-23ee21d e-flex e-con-boxed wpr-particle-no wpr-jarallax-no wpr-parallax-no wpr-sticky-section-no wpr-equal-height-no e-con e-parent\" data-id=\"23ee21d\" data-element_type=\"container\" data-e-type=\"container\">\n\t\t\t\t\t<div class=\"e-con-inner\">\n\t\t\t\t<div class=\"elementor-element elementor-element-b8bbee4 elementor-widget elementor-widget-heading\" data-id=\"b8bbee4\" data-element_type=\"widget\" data-e-type=\"widget\" data-widget_type=\"heading.default\">\n\t\t\t\t<div class=\"elementor-widget-container\">\n\t\t\t\t\t<h2 class=\"elementor-heading-title elementor-size-default\">La mochila de campamento<\/h2>\t\t\t\t<\/div>\n\t\t\t\t<\/div>\n\t\t\t\t<div class=\"elementor-element elementor-element-ec39e03 elementor-widget elementor-widget-text-editor\" data-id=\"ec39e03\" data-element_type=\"widget\" data-e-type=\"widget\" data-widget_type=\"text-editor.default\">\n\t\t\t\t<div class=\"elementor-widget-container\">\n\t\t\t\t\t\t\t\t\t<p>Los campamentos, tanto el de verano como el que hacemos en Pascua, son dos de nuestras actividades principales y es fundamental que nos equipemos con todo el <b>material <\/b>que necesitemos para disfrutar al m\u00e1ximo de todas las actividades sin llevarnos la casa detr\u00e1s. Familias, recordad que vuestros\/as hijos\/as deben ser capaces de cargar la mochila \ud83d\ude05<\/p>\t\t\t\t\t\t\t\t<\/div>\n\t\t\t\t<\/div>\n\t\t\t\t<div class=\"elementor-element elementor-element-797e02b elementor-widget elementor-widget-text-editor\" data-id=\"797e02b\" data-element_type=\"widget\" data-e-type=\"widget\" data-widget_type=\"text-editor.default\">\n\t\t\t\t<div class=\"elementor-widget-container\">\n\t\t\t\t\t\t\t\t\t<h4>Antes de irnos de campamento debemos&#8230;<\/h4><ol><li>Comprobar la <b>meteorolog\u00eda<\/b>, especialmente las temperaturas m\u00e1ximas y m\u00ednimas y la posibilidad de que llueva, de forma que podamos adaptar el contenido de la mochila a las necesidades reales del campamento. Con revisarlo con un par de d\u00edas de antelaci\u00f3n es suficiente.\u00a0<\/li><li>Revisar que <b>los materiales<\/b>\u00a0est\u00e1n en buen estado y funcionan correctamente (p.ej. si la linterna tiene pilas, si el saco de dormir est\u00e1 en buen estado&#8230;)<\/li><li><b>Marcar<\/b>\u00a0la ropa y los materiales con el nombre del ni\u00f1o o de la ni\u00f1a, para evitar confusiones y facilitar encontrar los objetivos r\u00e1pidamente.\u00a0<\/li><li>Para las secciones m\u00e1s peque\u00f1as (castores y manada) es recomendable <b>separar las mudas de ropa en bolsas<\/b> (tipo cierra f\u00e1cil) indicando el d\u00eda de uso (p.ej.\u00a0 Lunes 25).\u00a0<\/li><\/ol><p>Y lo m\u00e1s importante,\u00a0<strong>que los\/as ni\u00f1os\/as participen en la preparaci\u00f3n de la mochila<\/strong> de forma que conozcan qu\u00e9 llevan.\u00a0<\/p>\t\t\t\t\t\t\t\t<\/div>\n\t\t\t\t<\/div>\n\t\t\t\t\t<\/div>\n\t\t\t\t<\/div>\n\t\t<div class=\"elementor-element elementor-element-24ddc64 e-grid e-con-boxed wpr-particle-no wpr-jarallax-no wpr-parallax-no wpr-sticky-section-no wpr-equal-height-no e-con e-parent\" data-id=\"24ddc64\" data-element_type=\"container\" data-e-type=\"container\">\n\t\t\t\t\t<div class=\"e-con-inner\">\n\t\t\t\t<div class=\"elementor-element elementor-element-6f0239e elementor-widget elementor-widget-text-editor\" data-id=\"6f0239e\" data-element_type=\"widget\" data-e-type=\"widget\" data-widget_type=\"text-editor.default\">\n\t\t\t\t<div class=\"elementor-widget-container\">\n\t\t\t\t\t\t\t\t\t<h4>La mochila<\/h4><div>El tama\u00f1o de la mochila depender\u00e1 del tama\u00f1o del\/la ni\u00f1o\/a, pero normalmente oscilar\u00e1 entre los 40 y los 80 litros de capacidad. Como recomendaciones generales:<\/div><ul><li>Que se puedan cargar en la espalda c\u00f3modamente (descartar bolsas de deporte, maletas o similar);<\/li><li>Que el tejido sea resistente;<\/li><li>Que tenga diferentes aberturas al interior (arriba y abajo) para facilitar el acceso al contenido.<\/li><\/ul><div>Adem\u00e1s de la mochila de campamento las ni\u00f1as y los ni\u00f1os deber\u00e1n llevar una <b>mochila peque\u00f1a<\/b> (m\u00e1x. 20 litros) como complementaria.<\/div>\t\t\t\t\t\t\t\t<\/div>\n\t\t\t\t<\/div>\n\t\t\t\t<div class=\"elementor-element elementor-element-7f7e5aa elementor-widget elementor-widget-image\" data-id=\"7f7e5aa\" data-element_type=\"widget\" data-e-type=\"widget\" data-widget_type=\"image.default\">\n\t\t\t\t<div class=\"elementor-widget-container\">\n\t\t\t\t\t\t\t\t\t\t\t\t<figure class=\"wp-caption\">\n\t\t\t\t\t\t\t\t\t\t<img fetchpriority=\"high\" decoding=\"async\" width=\"1024\" height=\"1024\" src=\"https:\/\/scoutsonda163.org\/wp-content\/uploads\/2024\/07\/mochila-campamento-1024x1024.avif\" class=\"attachment-large size-large wp-image-959\" alt=\"\" srcset=\"https:\/\/scoutsonda163.org\/wp-content\/uploads\/2024\/07\/mochila-campamento-1024x1024.avif 1024w, https:\/\/scoutsonda163.org\/wp-content\/uploads\/2024\/07\/mochila-campamento-300x300.avif 300w, https:\/\/scoutsonda163.org\/wp-content\/uploads\/2024\/07\/mochila-campamento-150x150.avif 150w, https:\/\/scoutsonda163.org\/wp-content\/uploads\/2024\/07\/mochila-campamento-768x768.avif 768w, https:\/\/scoutsonda163.org\/wp-content\/uploads\/2024\/07\/mochila-campamento-12x12.avif 12w, https:\/\/scoutsonda163.org\/wp-content\/uploads\/2024\/07\/mochila-campamento-600x600.avif 600w, https:\/\/scoutsonda163.org\/wp-content\/uploads\/2024\/07\/mochila-campamento-100x100.avif 100w, https:\/\/scoutsonda163.org\/wp-content\/uploads\/2024\/07\/mochila-campamento.avif 1200w\" sizes=\"(max-width: 1024px) 100vw, 1024px\" \/>\t\t\t\t\t\t\t\t\t\t\t<figcaption class=\"widget-image-caption wp-caption-text\">Fuente: Cat\u00e1logo Decathlon<\/figcaption>\n\t\t\t\t\t\t\t\t\t\t<\/figure>\n\t\t\t\t\t\t\t\t\t<\/div>\n\t\t\t\t<\/div>\n\t\t\t\t\t<\/div>\n\t\t\t\t<\/div>\n\t\t<div class=\"elementor-element elementor-element-f71f21b e-flex e-con-boxed wpr-particle-no wpr-jarallax-no wpr-parallax-no wpr-sticky-section-no wpr-equal-height-no e-con e-parent\" data-id=\"f71f21b\" data-element_type=\"container\" data-e-type=\"container\">\n\t\t\t\t\t<div class=\"e-con-inner\">\n\t\t\t\t<div class=\"elementor-element elementor-element-ec5d673 elementor-widget elementor-widget-text-editor\" data-id=\"ec5d673\" data-element_type=\"widget\" data-e-type=\"widget\" data-widget_type=\"text-editor.default\">\n\t\t\t\t<div class=\"elementor-widget-container\">\n\t\t\t\t\t\t\t\t\t<p>Los contenidos de la mochila variar\u00e1n en funci\u00f3n de si es un campamento de Pascua (4 d\u00edas) o si es un campamento de Verano (8 d\u00edas), pero, por lo general deberemos llevar lo siguiente:<\/p>\t\t\t\t\t\t\t\t<\/div>\n\t\t\t\t<\/div>\n\t\t\t\t\t<\/div>\n\t\t\t\t<\/div>\n\t\t<div class=\"elementor-element elementor-element-a923637 e-grid e-con-boxed wpr-particle-no wpr-jarallax-no wpr-parallax-no wpr-sticky-section-no wpr-equal-height-no e-con e-parent\" data-id=\"a923637\" data-element_type=\"container\" data-e-type=\"container\">\n\t\t\t\t\t<div class=\"e-con-inner\">\n\t\t\t\t<div class=\"elementor-element elementor-element-9e903e4 elementor-align-center elementor-widget elementor-widget-button\" data-id=\"9e903e4\" data-element_type=\"widget\" data-e-type=\"widget\" data-widget_type=\"button.default\">\n\t\t\t\t<div class=\"elementor-widget-container\">\n\t\t\t\t\t\t\t\t\t<div class=\"elementor-button-wrapper\">\n\t\t\t\t\t<a class=\"elementor-button elementor-button-link elementor-size-sm\" href=\"https:\/\/scoutsonda163.org\/wp-content\/uploads\/2024\/07\/MOCHILA-CAMPAMENTO-PASCUA.pdf\">\n\t\t\t\t\t\t<span class=\"elementor-button-content-wrapper\">\n\t\t\t\t\t\t\t\t\t<span class=\"elementor-button-text\">DESCARGA CHECK-LIST MOCHILA PASCUA<\/span>\n\t\t\t\t\t<\/span>\n\t\t\t\t\t<\/a>\n\t\t\t\t<\/div>\n\t\t\t\t\t\t\t\t<\/div>\n\t\t\t\t<\/div>\n\t\t\t\t<div class=\"elementor-element elementor-element-e3ae57d elementor-align-center elementor-widget elementor-widget-button\" data-id=\"e3ae57d\" data-element_type=\"widget\" data-e-type=\"widget\" data-widget_type=\"button.default\">\n\t\t\t\t<div class=\"elementor-widget-container\">\n\t\t\t\t\t\t\t\t\t<div class=\"elementor-button-wrapper\">\n\t\t\t\t\t<a class=\"elementor-button elementor-button-link elementor-size-sm\" href=\"https:\/\/scoutsonda163.org\/wp-content\/uploads\/2024\/07\/MOCHILA-CAMPAMENTO-VERANO.pdf\">\n\t\t\t\t\t\t<span class=\"elementor-button-content-wrapper\">\n\t\t\t\t\t\t\t\t\t<span class=\"elementor-button-text\">DESCARGA CHECK-LIST MOCHILA VERANO<\/span>\n\t\t\t\t\t<\/span>\n\t\t\t\t\t<\/a>\n\t\t\t\t<\/div>\n\t\t\t\t\t\t\t\t<\/div>\n\t\t\t\t<\/div>\n\t\t\t\t\t<\/div>\n\t\t\t\t<\/div>\n\t\t<div class=\"elementor-element elementor-element-c7ded49 e-flex e-con-boxed wpr-particle-no wpr-jarallax-no wpr-parallax-no wpr-sticky-section-no wpr-equal-height-no e-con e-parent\" data-id=\"c7ded49\" data-element_type=\"container\" data-e-type=\"container\">\n\t\t\t\t\t<div class=\"e-con-inner\">\n\t\t\t\t<div class=\"elementor-element elementor-element-c6bd9b2 elementor-widget elementor-widget-image\" data-id=\"c6bd9b2\" data-element_type=\"widget\" data-e-type=\"widget\" data-widget_type=\"image.default\">\n\t\t\t\t<div class=\"elementor-widget-container\">\n\t\t\t\t\t\t\t\t\t\t\t\t\t\t\t<img decoding=\"async\" width=\"1024\" height=\"724\" src=\"https:\/\/scoutsonda163.org\/wp-content\/uploads\/2024\/07\/MOCHILA-GRANDE-1-1024x724.png\" class=\"attachment-large size-large wp-image-947\" alt=\"\" srcset=\"https:\/\/scoutsonda163.org\/wp-content\/uploads\/2024\/07\/MOCHILA-GRANDE-1-1024x724.png 1024w, https:\/\/scoutsonda163.org\/wp-content\/uploads\/2024\/07\/MOCHILA-GRANDE-1-300x212.png 300w, https:\/\/scoutsonda163.org\/wp-content\/uploads\/2024\/07\/MOCHILA-GRANDE-1-768x543.png 768w, https:\/\/scoutsonda163.org\/wp-content\/uploads\/2024\/07\/MOCHILA-GRANDE-1-1536x1086.png 1536w, https:\/\/scoutsonda163.org\/wp-content\/uploads\/2024\/07\/MOCHILA-GRANDE-1-18x12.png 18w, https:\/\/scoutsonda163.org\/wp-content\/uploads\/2024\/07\/MOCHILA-GRANDE-1-600x424.png 600w, https:\/\/scoutsonda163.org\/wp-content\/uploads\/2024\/07\/MOCHILA-GRANDE-1.png 2000w\" sizes=\"(max-width: 1024px) 100vw, 1024px\" \/>\t\t\t\t\t\t\t\t\t\t\t\t\t\t\t<\/div>\n\t\t\t\t<\/div>\n\t\t\t\t<div class=\"elementor-element elementor-element-f1063a9 elementor-widget elementor-widget-image\" data-id=\"f1063a9\" data-element_type=\"widget\" data-e-type=\"widget\" data-widget_type=\"image.default\">\n\t\t\t\t<div class=\"elementor-widget-container\">\n\t\t\t\t\t\t\t\t\t\t\t\t\t\t\t<img decoding=\"async\" width=\"1024\" height=\"724\" src=\"https:\/\/scoutsonda163.org\/wp-content\/uploads\/2024\/07\/MOCHILA-PEQUENA-1024x724.png\" class=\"attachment-large size-large wp-image-965\" alt=\"\" srcset=\"https:\/\/scoutsonda163.org\/wp-content\/uploads\/2024\/07\/MOCHILA-PEQUENA-1024x724.png 1024w, https:\/\/scoutsonda163.org\/wp-content\/uploads\/2024\/07\/MOCHILA-PEQUENA-300x212.png 300w, https:\/\/scoutsonda163.org\/wp-content\/uploads\/2024\/07\/MOCHILA-PEQUENA-768x543.png 768w, https:\/\/scoutsonda163.org\/wp-content\/uploads\/2024\/07\/MOCHILA-PEQUENA-1536x1086.png 1536w, https:\/\/scoutsonda163.org\/wp-content\/uploads\/2024\/07\/MOCHILA-PEQUENA-18x12.png 18w, https:\/\/scoutsonda163.org\/wp-content\/uploads\/2024\/07\/MOCHILA-PEQUENA-600x424.png 600w, https:\/\/scoutsonda163.org\/wp-content\/uploads\/2024\/07\/MOCHILA-PEQUENA.png 2000w\" sizes=\"(max-width: 1024px) 100vw, 1024px\" \/>\t\t\t\t\t\t\t\t\t\t\t\t\t\t\t<\/div>\n\t\t\t\t<\/div>\n\t\t\t\t\t<\/div>\n\t\t\t\t<\/div>\n\t\t<div class=\"elementor-element elementor-element-3e99766 e-flex e-con-boxed wpr-particle-no wpr-jarallax-no wpr-parallax-no wpr-sticky-section-no wpr-equal-height-no e-con e-parent\" data-id=\"3e99766\" data-element_type=\"container\" data-e-type=\"container\">\n\t\t\t\t\t<div class=\"e-con-inner\">\n\t\t\t\t<div class=\"elementor-element elementor-element-e43faba elementor-widget elementor-widget-text-editor\" data-id=\"e43faba\" data-element_type=\"widget\" data-e-type=\"widget\" data-widget_type=\"text-editor.default\">\n\t\t\t\t<div class=\"elementor-widget-container\">\n\t\t\t\t\t\t\t\t\t<h4>La ropa del campamento:<\/h4><p>En los campamentos lo mejor es llevar ropa c\u00f3moda, que nos permita jugar y correr. Evitemos poner ropa r\u00edgida (por ejemplo vaqueros) o ropa que no queramos estropear. Preferiblemente que sean mayas o materiales el\u00e1sticos, as\u00ed como de material transpirable. En las convocatorias a los campamentos tambi\u00e9n se indicar\u00e1 si tienen que llevar ropa espec\u00edfica, por ejemplo:<\/p><ul><li>Para <b>rutas y excursiones<\/b>, lo recomendable es llevar un pantal\u00f3n al menos hasta las rodillas (para evitar rozaduras), una camiseta de color fosforescente (por si atravesamos carreteras) y que sea de un material transpirable.\u00a0<\/li><li>Para la\u00a0<strong>pista americana<\/strong>. La pista americana es una actividad donde jugamos normalmente con agua y con barro, por lo tanto, la ropa despu\u00e9s queda irrecuperable. Recomendamos, en este caso, poner como ropa de la pista americana ropa que luego queramos tirar.<\/li><li>Para\u00a0<strong>manualidades<\/strong>. En ocasiones hacemos manualidades de pintar prendas de ropa. En estos casos avisar\u00edamos en la convocatoria del campamento del tipo de camiseta o prenda, color, tejido, etc&#8230;<\/li><\/ul><h4>El calzado:<\/h4><p>Tiene que ser c\u00f3modo de utilizar y, preferiblemente, que sea de monta\u00f1a. No necesariamente que sean botas como tal, pero si que tengan un agarre adecuado (si la suela no es lisa, sino que tiene relieve) para evitar deslizamientos y ca\u00eddas, especialmente cuando hacemos excursiones.<\/p>\t\t\t\t\t\t\t\t<\/div>\n\t\t\t\t<\/div>\n\t\t\t\t<div class=\"elementor-element elementor-element-f635464 elementor-widget elementor-widget-image\" data-id=\"f635464\" data-element_type=\"widget\" data-e-type=\"widget\" data-widget_type=\"image.default\">\n\t\t\t\t<div class=\"elementor-widget-container\">\n\t\t\t\t\t\t\t\t\t\t\t\t\t\t\t<img loading=\"lazy\" decoding=\"async\" width=\"1024\" height=\"630\" src=\"https:\/\/scoutsonda163.org\/wp-content\/uploads\/2024\/07\/ZAPATILLAS-1-1024x630.png\" class=\"attachment-large size-large wp-image-1049\" alt=\"\" srcset=\"https:\/\/scoutsonda163.org\/wp-content\/uploads\/2024\/07\/ZAPATILLAS-1-1024x630.png 1024w, https:\/\/scoutsonda163.org\/wp-content\/uploads\/2024\/07\/ZAPATILLAS-1-300x185.png 300w, https:\/\/scoutsonda163.org\/wp-content\/uploads\/2024\/07\/ZAPATILLAS-1-768x472.png 768w, https:\/\/scoutsonda163.org\/wp-content\/uploads\/2024\/07\/ZAPATILLAS-1-1536x945.png 1536w, https:\/\/scoutsonda163.org\/wp-content\/uploads\/2024\/07\/ZAPATILLAS-1-2048x1260.png 2048w, https:\/\/scoutsonda163.org\/wp-content\/uploads\/2024\/07\/ZAPATILLAS-1-18x12.png 18w, https:\/\/scoutsonda163.org\/wp-content\/uploads\/2024\/07\/ZAPATILLAS-1-600x369.png 600w\" sizes=\"(max-width: 1024px) 100vw, 1024px\" \/>\t\t\t\t\t\t\t\t\t\t\t\t\t\t\t<\/div>\n\t\t\t\t<\/div>\n\t\t\t\t<div class=\"elementor-element elementor-element-76feff7 elementor-widget elementor-widget-text-editor\" data-id=\"76feff7\" data-element_type=\"widget\" data-e-type=\"widget\" data-widget_type=\"text-editor.default\">\n\t\t\t\t<div class=\"elementor-widget-container\">\n\t\t\t\t\t\t\t\t\t<h4>El d\u00eda de que nos vamos&#8230;<\/h4><ul><li>Vamos vestidos con la <strong>camiseta corta del Grup Scout Sant\u00edssim Salvador, pa\u00f1oleta, pantalones y gorra.<\/strong><\/li><li>Dejamos preparado el <b>DNI, el SIP y la autorizaci\u00f3n<\/b> en un lugar accesible (mochila peque\u00f1a).\u00a0<\/li><li>Si nos solemos marear en el autob\u00fas, <b>tomamos la medicaci\u00f3n<\/b> antes de salir de casa, y dentro de la mochila peque\u00f1a ponemos una <b>bolsa de pl\u00e1stico<\/b>.<\/li><li>Llegamos <b>puntuales<\/b>\u00a0al lugar donde sale el autob\u00fas (hay que cargar las mochilas antes de irse).\u00a0<\/li><li>Si llevamos medicaci\u00f3n o tratamiento se le entregar\u00e1n al\/la Coordinador\/a del Grupo junto con la prescripci\u00f3n m\u00e9dica.<\/li><\/ul>\t\t\t\t\t\t\t\t<\/div>\n\t\t\t\t<\/div>\n\t\t\t\t<div class=\"elementor-element elementor-element-eca568d elementor-widget elementor-widget-heading\" data-id=\"eca568d\" data-element_type=\"widget\" data-e-type=\"widget\" data-widget_type=\"heading.default\">\n\t\t\t\t<div class=\"elementor-widget-container\">\n\t\t\t\t\t<h3 class=\"elementor-heading-title elementor-size-default\">Todo listo, \u00a1nos vamos!<\/h3>\t\t\t\t<\/div>\n\t\t\t\t<\/div>\n\t\t\t\t\t<\/div>\n\t\t\t\t<\/div>\n\t\t<div class=\"elementor-element elementor-element-45be957 e-flex e-con-boxed wpr-particle-no wpr-jarallax-no wpr-parallax-no wpr-sticky-section-no wpr-equal-height-no e-con e-parent\" data-id=\"45be957\" data-element_type=\"container\" data-e-type=\"container\">\n\t\t\t\t\t<div class=\"e-con-inner\">\n\t\t\t\t<div class=\"elementor-element elementor-element-e72e23a elementor-widget elementor-widget-image\" data-id=\"e72e23a\" data-element_type=\"widget\" data-e-type=\"widget\" data-widget_type=\"image.default\">\n\t\t\t\t<div class=\"elementor-widget-container\">\n\t\t\t\t\t\t\t\t\t\t\t\t\t\t\t<img loading=\"lazy\" decoding=\"async\" width=\"1024\" height=\"339\" src=\"https:\/\/scoutsonda163.org\/wp-content\/uploads\/2024\/07\/20230723_072738_Estiu_JCC-1024x339.jpg\" class=\"attachment-large size-large wp-image-990\" alt=\"\" srcset=\"https:\/\/scoutsonda163.org\/wp-content\/uploads\/2024\/07\/20230723_072738_Estiu_JCC-1024x339.jpg 1024w, https:\/\/scoutsonda163.org\/wp-content\/uploads\/2024\/07\/20230723_072738_Estiu_JCC-300x99.jpg 300w, https:\/\/scoutsonda163.org\/wp-content\/uploads\/2024\/07\/20230723_072738_Estiu_JCC-768x254.jpg 768w, https:\/\/scoutsonda163.org\/wp-content\/uploads\/2024\/07\/20230723_072738_Estiu_JCC-1536x509.jpg 1536w, https:\/\/scoutsonda163.org\/wp-content\/uploads\/2024\/07\/20230723_072738_Estiu_JCC-2048x679.jpg 2048w, https:\/\/scoutsonda163.org\/wp-content\/uploads\/2024\/07\/20230723_072738_Estiu_JCC-18x6.jpg 18w, https:\/\/scoutsonda163.org\/wp-content\/uploads\/2024\/07\/20230723_072738_Estiu_JCC-600x199.jpg 600w\" sizes=\"(max-width: 1024px) 100vw, 1024px\" \/>\t\t\t\t\t\t\t\t\t\t\t\t\t\t\t<\/div>\n\t\t\t\t<\/div>\n\t\t\t\t\t<\/div>\n\t\t\t\t<\/div>\n\t\t\t\t<\/div>","protected":false},"excerpt":{"rendered":"<p>La mochila de campamento Los campamentos, tanto el de verano como el que hacemos en Pascua, son dos de nuestras actividades principales y es fundamental que nos equipemos con todo el material que necesitemos para disfrutar al m\u00e1ximo de todas las actividades sin llevarnos la casa detr\u00e1s. Familias, recordad que vuestros\/as hijos\/as deben ser capaces de cargar la mochila \ud83d\ude05 Antes de irnos de campamento debemos&#8230; Comprobar la meteorolog\u00eda, especialmente las temperaturas m\u00e1ximas y m\u00ednimas y la posibilidad de que llueva, de forma que podamos adaptar el contenido de la mochila a las necesidades reales del campamento. Con revisarlo con un par de d\u00edas de antelaci\u00f3n es suficiente.\u00a0 Revisar que los materiales\u00a0est\u00e1n en buen estado y funcionan correctamente (p.ej. si la linterna tiene pilas, si el saco de dormir est\u00e1 en buen estado&#8230;) Marcar\u00a0la ropa y los materiales con el nombre del ni\u00f1o o de la ni\u00f1a, para evitar confusiones y facilitar encontrar los objetivos r\u00e1pidamente.\u00a0 Para las secciones m\u00e1s peque\u00f1as (castores y manada) es recomendable separar las mudas de ropa en bolsas (tipo cierra f\u00e1cil) indicando el d\u00eda de uso (p.ej.\u00a0 Lunes 25).\u00a0 Y lo m\u00e1s importante,\u00a0que los\/as ni\u00f1os\/as participen en la preparaci\u00f3n de la mochila de forma que conozcan qu\u00e9 llevan.\u00a0 La mochila El tama\u00f1o de la mochila depender\u00e1 del tama\u00f1o del\/la ni\u00f1o\/a, pero normalmente oscilar\u00e1 entre los 40 y los 80 litros de capacidad. Como recomendaciones generales: Que se puedan cargar en la espalda c\u00f3modamente (descartar bolsas de deporte, maletas o similar); Que el tejido sea resistente; Que tenga diferentes aberturas al interior (arriba y abajo) para facilitar el acceso al contenido. Adem\u00e1s de la mochila de campamento las ni\u00f1as y los ni\u00f1os deber\u00e1n llevar una mochila peque\u00f1a (m\u00e1x. 20 litros) como complementaria. Fuente: Cat\u00e1logo Decathlon Los contenidos de la mochila variar\u00e1n en funci\u00f3n de si es un campamento de Pascua (4 d\u00edas) o si es un campamento de Verano (8 d\u00edas), pero, por lo general deberemos llevar lo siguiente: DESCARGA CHECK-LIST MOCHILA PASCUA DESCARGA CHECK-LIST MOCHILA VERANO La ropa del campamento: En los campamentos lo mejor es llevar ropa c\u00f3moda, que nos permita jugar y correr. Evitemos poner ropa r\u00edgida (por ejemplo vaqueros) o ropa que no queramos estropear. Preferiblemente que sean mayas o materiales el\u00e1sticos, as\u00ed como de material transpirable. En las convocatorias a los campamentos tambi\u00e9n se indicar\u00e1 si tienen que llevar ropa espec\u00edfica, por ejemplo: Para rutas y excursiones, lo recomendable es llevar un pantal\u00f3n al menos hasta las rodillas (para evitar rozaduras), una camiseta de color fosforescente (por si atravesamos carreteras) y que sea de un material transpirable.\u00a0 Para la\u00a0pista americana. La pista americana es una actividad donde jugamos normalmente con agua y con barro, por lo tanto, la ropa despu\u00e9s queda irrecuperable. Recomendamos, en este caso, poner como ropa de la pista americana ropa que luego queramos tirar. Para\u00a0manualidades. En ocasiones hacemos manualidades de pintar prendas de ropa. En estos casos avisar\u00edamos en la convocatoria del campamento del tipo de camiseta o prenda, color, tejido, etc&#8230; El calzado: Tiene que ser c\u00f3modo de utilizar y, preferiblemente, que sea de monta\u00f1a. No necesariamente que sean botas como tal, pero si que tengan un agarre adecuado (si la suela no es lisa, sino que tiene relieve) para evitar deslizamientos y ca\u00eddas, especialmente cuando hacemos excursiones. El d\u00eda de que nos vamos&#8230; Vamos vestidos con la camiseta corta del Grup Scout Sant\u00edssim Salvador, pa\u00f1oleta, pantalones y gorra. Dejamos preparado el DNI, el SIP y la autorizaci\u00f3n en un lugar accesible (mochila peque\u00f1a).\u00a0 Si nos solemos marear en el autob\u00fas, tomamos la medicaci\u00f3n antes de salir de casa, y dentro de la mochila peque\u00f1a ponemos una bolsa de pl\u00e1stico. Llegamos puntuales\u00a0al lugar donde sale el autob\u00fas (hay que cargar las mochilas antes de irse).\u00a0 Si llevamos medicaci\u00f3n o tratamiento se le entregar\u00e1n al\/la Coordinador\/a del Grupo junto con la prescripci\u00f3n m\u00e9dica. Todo listo, \u00a1nos vamos!<\/p>","protected":false},"author":1,"featured_media":947,"parent":0,"menu_order":0,"comment_status":"closed","ping_status":"closed","template":"","meta":{"_themeisle_gutenberg_block_has_review":false,"footnotes":""},"class_list":["post-310","page","type-page","status-publish","has-post-thumbnail","hentry"],"jetpack_sharing_enabled":true,"_links":{"self":[{"href":"https:\/\/scoutsonda163.org\/ca\/wp-json\/wp\/v2\/pages\/310","targetHints":{"allow":["GET"]}}],"collection":[{"href":"https:\/\/scoutsonda163.org\/ca\/wp-json\/wp\/v2\/pages"}],"about":[{"href":"https:\/\/scoutsonda163.org\/ca\/wp-json\/wp\/v2\/types\/page"}],"author":[{"embeddable":true,"href":"https:\/\/scoutsonda163.org\/ca\/wp-json\/wp\/v2\/users\/1"}],"replies":[{"embeddable":true,"href":"https:\/\/scoutsonda163.org\/ca\/wp-json\/wp\/v2\/comments?post=310"}],"version-history":[{"count":34,"href":"https:\/\/scoutsonda163.org\/ca\/wp-json\/wp\/v2\/pages\/310\/revisions"}],"predecessor-version":[{"id":1069,"href":"https:\/\/scoutsonda163.org\/ca\/wp-json\/wp\/v2\/pages\/310\/revisions\/1069"}],"wp:featuredmedia":[{"embeddable":true,"href":"https:\/\/scoutsonda163.org\/ca\/wp-json\/wp\/v2\/media\/947"}],"wp:attachment":[{"href":"https:\/\/scoutsonda163.org\/ca\/wp-json\/wp\/v2\/media?parent=310"}],"curies":[{"name":"wp","href":"https:\/\/api.w.org\/{rel}","templated":true}]}}