{"id":309,"date":"2024-06-28T21:17:16","date_gmt":"2024-06-28T21:17:16","guid":{"rendered":"https:\/\/scoutsonda163.org\/?page_id=309"},"modified":"2024-09-24T14:51:55","modified_gmt":"2024-09-24T14:51:55","slug":"historia-del-escultismo","status":"publish","type":"page","link":"https:\/\/scoutsonda163.org\/ca\/historia-del-escultismo\/","title":{"rendered":"Hist\u00f2ria de l'escoltisme"},"content":{"rendered":"<div data-elementor-type=\"wp-page\" data-elementor-id=\"309\" class=\"elementor elementor-309\" data-elementor-post-type=\"page\">\n\t\t\t\t<div class=\"elementor-element elementor-element-53c1a6a e-flex e-con-boxed wpr-particle-no wpr-jarallax-no wpr-parallax-no wpr-sticky-section-no wpr-equal-height-no e-con e-parent\" data-id=\"53c1a6a\" data-element_type=\"container\" data-e-type=\"container\">\n\t\t\t\t\t<div class=\"e-con-inner\">\n\t\t\t\t<div class=\"elementor-element elementor-element-9114e5b elementor-widget elementor-widget-heading\" data-id=\"9114e5b\" data-element_type=\"widget\" data-e-type=\"widget\" data-widget_type=\"heading.default\">\n\t\t\t\t<div class=\"elementor-widget-container\">\n\t\t\t\t\t<h2 class=\"elementor-heading-title elementor-size-default\">El moviment scout mundial<\/h2>\t\t\t\t<\/div>\n\t\t\t\t<\/div>\n\t\t\t\t\t<\/div>\n\t\t\t\t<\/div>\n\t\t<div class=\"elementor-element elementor-element-b6d63cb e-flex e-con-boxed wpr-particle-no wpr-jarallax-no wpr-parallax-no wpr-sticky-section-no wpr-equal-height-no e-con e-parent\" data-id=\"b6d63cb\" data-element_type=\"container\" data-e-type=\"container\">\n\t\t\t\t\t<div class=\"e-con-inner\">\n\t\t\t\t<div class=\"elementor-element elementor-element-2e8718f elementor-widget elementor-widget-text-editor\" data-id=\"2e8718f\" data-element_type=\"widget\" data-e-type=\"widget\" data-widget_type=\"text-editor.default\">\n\t\t\t\t<div class=\"elementor-widget-container\">\n\t\t\t\t\t\t\t\t\t<p>Les activitats que desenvolupen els\/les scouts estan basades en l'escoltisme. L'Escoltisme \u00e9s un moviment que creix i es desenvolupa a nivell mundial, dirigit per l'Organitzaci\u00f3 Mundial del Moviment Scout, amb m\u00e9s de 57 milions de membres i 172 Organitzacions Scouts Nacionals.<\/p>\t\t\t\t\t\t\t\t<\/div>\n\t\t\t\t<\/div>\n\t\t\t\t\t<\/div>\n\t\t\t\t<\/div>\n\t\t<div class=\"elementor-element elementor-element-7e9164f e-flex e-con-boxed wpr-particle-no wpr-jarallax-no wpr-parallax-no wpr-sticky-section-no wpr-equal-height-no e-con e-parent\" data-id=\"7e9164f\" data-element_type=\"container\" data-e-type=\"container\">\n\t\t\t\t\t<div class=\"e-con-inner\">\n\t\t\t\t<div class=\"elementor-element elementor-element-9c543f3 elementor-widget elementor-widget-heading\" data-id=\"9c543f3\" data-element_type=\"widget\" data-e-type=\"widget\" data-widget_type=\"heading.default\">\n\t\t\t\t<div class=\"elementor-widget-container\">\n\t\t\t\t\t<h3 class=\"elementor-heading-title elementor-size-default\">Bases de l'escoltisme<\/h3>\t\t\t\t<\/div>\n\t\t\t\t<\/div>\n\t\t\t\t\t<\/div>\n\t\t\t\t<\/div>\n\t\t<div class=\"elementor-element elementor-element-4366a54 e-grid e-con-boxed wpr-particle-no wpr-jarallax-no wpr-parallax-no wpr-sticky-section-no wpr-equal-height-no e-con e-parent\" data-id=\"4366a54\" data-element_type=\"container\" data-e-type=\"container\">\n\t\t\t\t\t<div class=\"e-con-inner\">\n\t\t\t\t<div class=\"elementor-element elementor-element-19d8fbb elementor-widget elementor-widget-image\" data-id=\"19d8fbb\" data-element_type=\"widget\" data-e-type=\"widget\" data-widget_type=\"image.default\">\n\t\t\t\t<div class=\"elementor-widget-container\">\n\t\t\t\t\t\t\t\t\t\t\t\t\t\t\t<img fetchpriority=\"high\" decoding=\"async\" width=\"357\" height=\"512\" src=\"https:\/\/scoutsonda163.org\/wp-content\/uploads\/2024\/09\/bp.jpg\" class=\"attachment-large size-large wp-image-1203\" alt=\"\" srcset=\"https:\/\/scoutsonda163.org\/wp-content\/uploads\/2024\/09\/bp.jpg 357w, https:\/\/scoutsonda163.org\/wp-content\/uploads\/2024\/09\/bp-209x300.jpg 209w, https:\/\/scoutsonda163.org\/wp-content\/uploads\/2024\/09\/bp-8x12.jpg 8w\" sizes=\"(max-width: 357px) 100vw, 357px\" \/>\t\t\t\t\t\t\t\t\t\t\t\t\t\t\t<\/div>\n\t\t\t\t<\/div>\n\t\t\t\t<div class=\"elementor-element elementor-element-c2abd64 elementor-widget elementor-widget-text-editor\" data-id=\"c2abd64\" data-element_type=\"widget\" data-e-type=\"widget\" data-widget_type=\"text-editor.default\">\n\t\t\t\t<div class=\"elementor-widget-container\">\n\t\t\t\t\t\t\t\t\t<p>L'Escoltisme \u00e9s un moviment obert a totes les persones, sense distinci\u00f3 de ra\u00e7a o creen\u00e7a, d'acord amb els principis i el m\u00e8tode establerts pel seu fundador, Robert Baden-Powell. Aquest m\u00e8tode s'orienta mitjan\u00e7ant activitats de lleure i en contacte amb la natura, contribuint al desenvolupament f\u00edsic, intel\u00b7lectual, social i<br \/>espiritual dels\/les joves.<br \/>L'Escoltisme \u00e9s una opci\u00f3 absolutament volunt\u00e0ria per a joves i adults que adquireixen una experi\u00e8ncia que contribueix al desenvolupament propi. A m\u00e9s, l'Escoltisme no representa cap partit ni organitzaci\u00f3 pol\u00edtica, cosa que no impedeix als scouts prendre part activa en la vida de la seva comunitat i de la societat en qu\u00e8 viuen, aix\u00ed com en el desenvolupament del seu pa\u00eds.<\/p>\t\t\t\t\t\t\t\t<\/div>\n\t\t\t\t<\/div>\n\t\t\t\t\t<\/div>\n\t\t\t\t<\/div>\n\t\t<div class=\"elementor-element elementor-element-d1480a7 e-flex e-con-boxed wpr-particle-no wpr-jarallax-no wpr-parallax-no wpr-sticky-section-no wpr-equal-height-no e-con e-parent\" data-id=\"d1480a7\" data-element_type=\"container\" data-e-type=\"container\">\n\t\t\t\t\t<div class=\"e-con-inner\">\n\t\t\t\t<div class=\"elementor-element elementor-element-133461d elementor-widget elementor-widget-text-editor\" data-id=\"133461d\" data-element_type=\"widget\" data-e-type=\"widget\" data-widget_type=\"text-editor.default\">\n\t\t\t\t<div class=\"elementor-widget-container\">\n\t\t\t\t\t\t\t\t\t<p>La difer\u00e8ncia principal entre l'Escoltisme i altres m\u00e8todes educatius \u00e9s que es basa en el M\u00e8tode Scout, que proposa una llei i una promesa, i es concreta amb una metodologia espec\u00edfica adequada a cada tipus d'edat. Amb aix\u00f2 es persegueix una formaci\u00f3 evolutiva del nen o nena, des dels 6 fins als 21 anys.<\/p>\t\t\t\t\t\t\t\t<\/div>\n\t\t\t\t<\/div>\n\t\t\t\t\t<\/div>\n\t\t\t\t<\/div>\n\t\t\t\t<\/div>","protected":false},"excerpt":{"rendered":"<p>El movimiento scout mundial Las actividades que desarrollan los Scouts est\u00e1n basadas en el Escultismo. El Escultismo es un movimiento que crece y se desarrolla a nivel mundial, dirigido por la Organizaci\u00f3n Mundial del Movimiento Scout, cuenta con m\u00e1s de 57 millones de miembros y con 172 Organizaciones Scouts Nacionales. Bases del escultismo El Escultismo es un movimiento abierto a todas las personas, sin distinci\u00f3n de raza o creencia, conforme a los principios y al m\u00e9todo establecidos por su fundador, Robert Baden-Powell. Este m\u00e9todo se orienta a trav\u00e9s de actividades de tiempo libre y en contacto con la naturaleza, contribuyendo al desarrollo f\u00edsico, intelectual, social yespiritual de los j\u00f3venes.El Escultismo es una opci\u00f3n absolutamente voluntaria para j\u00f3venes y adultos que adquieren una experiencia que contribuye a su propio desarrollo. Adem\u00e1s, el Escultismo no representa a ning\u00fan partido ni organizaci\u00f3n pol\u00edtica, lo cual no impide a los\/as scouts tomar parte activa en la vida de su comunidad y de la sociedad en la que viven, as\u00ed como en el desarrollo de su pa\u00eds. La principal diferencia entre el Escultismo y otros m\u00e9todos educativos es que se basa en el M\u00e9todo Scout, que propone una ley y una promesa, y se concreta con una metodolog\u00eda espec\u00edfica adecuada a cada tipo de edad. Se persigue con ello una formaci\u00f3n evolutiva del ni\u00f1o o ni\u00f1a, desde los 6 hasta los 21 a\u00f1os.<\/p>","protected":false},"author":1,"featured_media":1202,"parent":0,"menu_order":0,"comment_status":"closed","ping_status":"closed","template":"","meta":{"_themeisle_gutenberg_block_has_review":false,"footnotes":""},"class_list":["post-309","page","type-page","status-publish","has-post-thumbnail","hentry"],"jetpack_sharing_enabled":true,"_links":{"self":[{"href":"https:\/\/scoutsonda163.org\/ca\/wp-json\/wp\/v2\/pages\/309","targetHints":{"allow":["GET"]}}],"collection":[{"href":"https:\/\/scoutsonda163.org\/ca\/wp-json\/wp\/v2\/pages"}],"about":[{"href":"https:\/\/scoutsonda163.org\/ca\/wp-json\/wp\/v2\/types\/page"}],"author":[{"embeddable":true,"href":"https:\/\/scoutsonda163.org\/ca\/wp-json\/wp\/v2\/users\/1"}],"replies":[{"embeddable":true,"href":"https:\/\/scoutsonda163.org\/ca\/wp-json\/wp\/v2\/comments?post=309"}],"version-history":[{"count":4,"href":"https:\/\/scoutsonda163.org\/ca\/wp-json\/wp\/v2\/pages\/309\/revisions"}],"predecessor-version":[{"id":1206,"href":"https:\/\/scoutsonda163.org\/ca\/wp-json\/wp\/v2\/pages\/309\/revisions\/1206"}],"wp:featuredmedia":[{"embeddable":true,"href":"https:\/\/scoutsonda163.org\/ca\/wp-json\/wp\/v2\/media\/1202"}],"wp:attachment":[{"href":"https:\/\/scoutsonda163.org\/ca\/wp-json\/wp\/v2\/media?parent=309"}],"curies":[{"name":"wp","href":"https:\/\/api.w.org\/{rel}","templated":true}]}}