{"id":308,"date":"2024-06-28T21:17:16","date_gmt":"2024-06-28T21:17:16","guid":{"rendered":"https:\/\/scoutsonda163.org\/?page_id=308"},"modified":"2024-09-24T18:22:13","modified_gmt":"2024-09-24T18:22:13","slug":"ramas","status":"publish","type":"page","link":"https:\/\/scoutsonda163.org\/ca\/ramas\/","title":{"rendered":"Secciones"},"content":{"rendered":"<div data-elementor-type=\"wp-page\" data-elementor-id=\"308\" class=\"elementor elementor-308\" data-elementor-post-type=\"page\">\n\t\t\t\t<div class=\"elementor-element elementor-element-aaf752c e-flex e-con-boxed wpr-particle-no wpr-jarallax-no wpr-parallax-no wpr-sticky-section-no wpr-equal-height-no e-con e-parent\" data-id=\"aaf752c\" data-element_type=\"container\" data-e-type=\"container\">\n\t\t\t\t\t<div class=\"e-con-inner\">\n\t\t\t\t<div class=\"elementor-element elementor-element-4fa0760 elementor-widget elementor-widget-heading\" data-id=\"4fa0760\" data-element_type=\"widget\" data-e-type=\"widget\" data-widget_type=\"heading.default\">\n\t\t\t\t<div class=\"elementor-widget-container\">\n\t\t\t\t\t<h2 class=\"elementor-heading-title elementor-size-default\">Les seccions<\/h2>\t\t\t\t<\/div>\n\t\t\t\t<\/div>\n\t\t\t\t<div class=\"elementor-element elementor-element-4efe9a5 elementor-widget elementor-widget-text-editor\" data-id=\"4efe9a5\" data-element_type=\"widget\" data-e-type=\"widget\" data-widget_type=\"text-editor.default\">\n\t\t\t\t<div class=\"elementor-widget-container\">\n\t\t\t\t\t\t\t\t\t<p>Dins dels escoltes organitzem els nens i nenes en seccions, on cadascuna compta amb uns objectius educatius i una metodologia concreta de treball. Les seccions s\u00f3n:<\/p><ol><li>Col\u00f2nia (castors\/es): entre 5 i 8 anys.<\/li><li>Estol (llops\/es): entre 8 i 11 anys.\u00a0<\/li><li>Tropa (scouts): entre 11 i 14 anys.\u00a0<\/li><li>Unitat Escolta (escoltes): entre 14 i 17 anys.\u00a0<\/li><li>Clan (rovers) entre 17 i 21 anys.<\/li><\/ol>\t\t\t\t\t\t\t\t<\/div>\n\t\t\t\t<\/div>\n\t\t\t\t<div class=\"elementor-element elementor-element-2d193f0 elementor-widget elementor-widget-heading\" data-id=\"2d193f0\" data-element_type=\"widget\" data-e-type=\"widget\" data-widget_type=\"heading.default\">\n\t\t\t\t<div class=\"elementor-widget-container\">\n\t\t\t\t\t<h3 class=\"elementor-heading-title elementor-size-default\">La col\u00f2nia<\/h3>\t\t\t\t<\/div>\n\t\t\t\t<\/div>\n\t\t\t\t\t<\/div>\n\t\t\t\t<\/div>\n\t\t<div class=\"elementor-element elementor-element-0a732ce e-grid e-con-boxed wpr-particle-no wpr-jarallax-no wpr-parallax-no wpr-sticky-section-no wpr-equal-height-no e-con e-parent\" data-id=\"0a732ce\" data-element_type=\"container\" data-e-type=\"container\">\n\t\t\t\t\t<div class=\"e-con-inner\">\n\t\t\t\t<div class=\"elementor-element elementor-element-f9d6e1d elementor-widget elementor-widget-image\" data-id=\"f9d6e1d\" data-element_type=\"widget\" data-e-type=\"widget\" data-widget_type=\"image.default\">\n\t\t\t\t<div class=\"elementor-widget-container\">\n\t\t\t\t\t\t\t\t\t\t\t\t\t\t\t<img fetchpriority=\"high\" decoding=\"async\" width=\"1024\" height=\"1024\" src=\"https:\/\/scoutsonda163.org\/wp-content\/uploads\/2024\/07\/Castores-1024x1024.png\" class=\"attachment-large size-large wp-image-1079\" alt=\"\" srcset=\"https:\/\/scoutsonda163.org\/wp-content\/uploads\/2024\/07\/Castores-1024x1024.png 1024w, https:\/\/scoutsonda163.org\/wp-content\/uploads\/2024\/07\/Castores-300x300.png 300w, https:\/\/scoutsonda163.org\/wp-content\/uploads\/2024\/07\/Castores-150x150.png 150w, https:\/\/scoutsonda163.org\/wp-content\/uploads\/2024\/07\/Castores-768x768.png 768w, https:\/\/scoutsonda163.org\/wp-content\/uploads\/2024\/07\/Castores-12x12.png 12w, https:\/\/scoutsonda163.org\/wp-content\/uploads\/2024\/07\/Castores-600x600.png 600w, https:\/\/scoutsonda163.org\/wp-content\/uploads\/2024\/07\/Castores-100x100.png 100w, https:\/\/scoutsonda163.org\/wp-content\/uploads\/2024\/07\/Castores.png 1080w\" sizes=\"(max-width: 1024px) 100vw, 1024px\" \/>\t\t\t\t\t\t\t\t\t\t\t\t\t\t\t<\/div>\n\t\t\t\t<\/div>\n\t\t\t\t<div class=\"elementor-element elementor-element-f588358 elementor-widget elementor-widget-text-editor\" data-id=\"f588358\" data-element_type=\"widget\" data-e-type=\"widget\" data-widget_type=\"text-editor.default\">\n\t\t\t\t<div class=\"elementor-widget-container\">\n\t\t\t\t\t\t\t\t\t<p>La nostra Col\u00f2nia rep el nom de <b>Col\u00f2nia Sitjar.\u00a0<\/b><\/p><p>En aquesta secci\u00f3 es troben els castors i les castores (nens i nenes d'entre 5 i 8 anys). L'ambientaci\u00f3 d'aquesta estapa es basa en <b>El llibre dels amics del bosc<\/b>, de A.H. McCartney, y su lema principal es \u00ab<i>Compartir<\/i>\u00ab, como apoyo al aprendizaje principal de esta primera etapa en el mundo scout.\u00a0<\/p><p>Los\/as scouters de esta etapa reciben el nombre de \u00abGrandes Castores\/as\u00bb.\u00a0<\/p><p>\u00a0<\/p>\t\t\t\t\t\t\t\t<\/div>\n\t\t\t\t<\/div>\n\t\t\t\t\t<\/div>\n\t\t\t\t<\/div>\n\t\t<div class=\"elementor-element elementor-element-31f6325 e-flex e-con-boxed wpr-particle-no wpr-jarallax-no wpr-parallax-no wpr-sticky-section-no wpr-equal-height-no e-con e-parent\" data-id=\"31f6325\" data-element_type=\"container\" data-e-type=\"container\">\n\t\t\t\t\t<div class=\"e-con-inner\">\n\t\t\t\t<div class=\"elementor-element elementor-element-f8f68c6 elementor-widget elementor-widget-heading\" data-id=\"f8f68c6\" data-element_type=\"widget\" data-e-type=\"widget\" data-widget_type=\"heading.default\">\n\t\t\t\t<div class=\"elementor-widget-container\">\n\t\t\t\t\t<h3 class=\"elementor-heading-title elementor-size-default\">L'Estol<\/h3>\t\t\t\t<\/div>\n\t\t\t\t<\/div>\n\t\t\t\t\t<\/div>\n\t\t\t\t<\/div>\n\t\t<div class=\"elementor-element elementor-element-00b5bbf e-grid e-con-boxed wpr-particle-no wpr-jarallax-no wpr-parallax-no wpr-sticky-section-no wpr-equal-height-no e-con e-parent\" data-id=\"00b5bbf\" data-element_type=\"container\" data-e-type=\"container\">\n\t\t\t\t\t<div class=\"e-con-inner\">\n\t\t\t\t<div class=\"elementor-element elementor-element-a3f97a5 elementor-widget elementor-widget-image\" data-id=\"a3f97a5\" data-element_type=\"widget\" data-e-type=\"widget\" data-widget_type=\"image.default\">\n\t\t\t\t<div class=\"elementor-widget-container\">\n\t\t\t\t\t\t\t\t\t\t\t\t\t\t\t<img decoding=\"async\" width=\"1024\" height=\"1024\" src=\"https:\/\/scoutsonda163.org\/wp-content\/uploads\/2024\/07\/Manada-1024x1024.png\" class=\"attachment-large size-large wp-image-1087\" alt=\"\" srcset=\"https:\/\/scoutsonda163.org\/wp-content\/uploads\/2024\/07\/Manada-1024x1024.png 1024w, https:\/\/scoutsonda163.org\/wp-content\/uploads\/2024\/07\/Manada-300x300.png 300w, https:\/\/scoutsonda163.org\/wp-content\/uploads\/2024\/07\/Manada-150x150.png 150w, https:\/\/scoutsonda163.org\/wp-content\/uploads\/2024\/07\/Manada-768x768.png 768w, https:\/\/scoutsonda163.org\/wp-content\/uploads\/2024\/07\/Manada-12x12.png 12w, https:\/\/scoutsonda163.org\/wp-content\/uploads\/2024\/07\/Manada-600x600.png 600w, https:\/\/scoutsonda163.org\/wp-content\/uploads\/2024\/07\/Manada-100x100.png 100w, https:\/\/scoutsonda163.org\/wp-content\/uploads\/2024\/07\/Manada.png 1080w\" sizes=\"(max-width: 1024px) 100vw, 1024px\" \/>\t\t\t\t\t\t\t\t\t\t\t\t\t\t\t<\/div>\n\t\t\t\t<\/div>\n\t\t\t\t<div class=\"elementor-element elementor-element-e01204d elementor-widget elementor-widget-text-editor\" data-id=\"e01204d\" data-element_type=\"widget\" data-e-type=\"widget\" data-widget_type=\"text-editor.default\">\n\t\t\t\t<div class=\"elementor-widget-container\">\n\t\t\t\t\t\t\t\t\t<p>El noste Estol rep el nom de <b>Estol Waingunga.<\/b>.\u00a0<\/p><p>En aquesta secci\u00f3 es troben els llops i les llobatones (nens i nenes d'entre 8 i 11 anys). L'ambientaci\u00f3 d'aquesta etapa es basa en el\u00a0<strong>Llibre de les Terres Verges<\/strong> de Rudyard Kipling (el Libro de la Selva en la adaptaci\u00f3n de Disney). El lema de esta secci\u00f3n es \u00ab<i>Farem el millor<\/i>\u00ab. Durante esta etapa se subdivide a los\/as lobatos\/as en grupos de seis (\u00abseisenas\u00bb), para iniciar el sistema de trabajo en peque\u00f1os grupos, propio del m\u00e9todo scout.<\/p><p>Los\/as scouters de esta etapa reciben el nombre de los personajes del anteriormente mencionado libro, y generalmente se les llama \u00abViejos\/as Lobos\/as\u00bb.<\/p>\t\t\t\t\t\t\t\t<\/div>\n\t\t\t\t<\/div>\n\t\t\t\t\t<\/div>\n\t\t\t\t<\/div>\n\t\t<div class=\"elementor-element elementor-element-5e2b0e5 e-flex e-con-boxed wpr-particle-no wpr-jarallax-no wpr-parallax-no wpr-sticky-section-no wpr-equal-height-no e-con e-parent\" data-id=\"5e2b0e5\" data-element_type=\"container\" data-e-type=\"container\">\n\t\t\t\t\t<div class=\"e-con-inner\">\n\t\t\t\t<div class=\"elementor-element elementor-element-86bb3dd elementor-widget elementor-widget-heading\" data-id=\"86bb3dd\" data-element_type=\"widget\" data-e-type=\"widget\" data-widget_type=\"heading.default\">\n\t\t\t\t<div class=\"elementor-widget-container\">\n\t\t\t\t\t<h3 class=\"elementor-heading-title elementor-size-default\">La Tropa<\/h3>\t\t\t\t<\/div>\n\t\t\t\t<\/div>\n\t\t\t\t\t<\/div>\n\t\t\t\t<\/div>\n\t\t<div class=\"elementor-element elementor-element-87950ac e-grid e-con-boxed wpr-particle-no wpr-jarallax-no wpr-parallax-no wpr-sticky-section-no wpr-equal-height-no e-con e-parent\" data-id=\"87950ac\" data-element_type=\"container\" data-e-type=\"container\">\n\t\t\t\t\t<div class=\"e-con-inner\">\n\t\t\t\t<div class=\"elementor-element elementor-element-8c4b7e5 elementor-widget elementor-widget-image\" data-id=\"8c4b7e5\" data-element_type=\"widget\" data-e-type=\"widget\" data-widget_type=\"image.default\">\n\t\t\t\t<div class=\"elementor-widget-container\">\n\t\t\t\t\t\t\t\t\t\t\t\t\t\t\t<img decoding=\"async\" width=\"1024\" height=\"1024\" src=\"https:\/\/scoutsonda163.org\/wp-content\/uploads\/2024\/07\/Tropa-1024x1024.png\" class=\"attachment-large size-large wp-image-1092\" alt=\"\" srcset=\"https:\/\/scoutsonda163.org\/wp-content\/uploads\/2024\/07\/Tropa-1024x1024.png 1024w, https:\/\/scoutsonda163.org\/wp-content\/uploads\/2024\/07\/Tropa-300x300.png 300w, https:\/\/scoutsonda163.org\/wp-content\/uploads\/2024\/07\/Tropa-150x150.png 150w, https:\/\/scoutsonda163.org\/wp-content\/uploads\/2024\/07\/Tropa-768x768.png 768w, https:\/\/scoutsonda163.org\/wp-content\/uploads\/2024\/07\/Tropa-12x12.png 12w, https:\/\/scoutsonda163.org\/wp-content\/uploads\/2024\/07\/Tropa-600x600.png 600w, https:\/\/scoutsonda163.org\/wp-content\/uploads\/2024\/07\/Tropa-100x100.png 100w, https:\/\/scoutsonda163.org\/wp-content\/uploads\/2024\/07\/Tropa.png 1080w\" sizes=\"(max-width: 1024px) 100vw, 1024px\" \/>\t\t\t\t\t\t\t\t\t\t\t\t\t\t\t<\/div>\n\t\t\t\t<\/div>\n\t\t\t\t<div class=\"elementor-element elementor-element-9e72ac7 elementor-widget elementor-widget-text-editor\" data-id=\"9e72ac7\" data-element_type=\"widget\" data-e-type=\"widget\" data-widget_type=\"text-editor.default\">\n\t\t\t\t<div class=\"elementor-widget-container\">\n\t\t\t\t\t\t\t\t\t<p>La nostra Tropa rep el nom de <strong>Tropa Shapa Wan.<\/strong><\/p><p>La Tropa, on trobem scouts (nens i nenes d'entre 11 i 14 anys) \u00e9s la secci\u00f3 on es comen\u00e7a a treballar espec\u00edficament a partir del llibre de <b>Escultisme per a nois<\/b>\u00a0de Baden Powell, fundador del movimiento de escultismo mundial. El lema de esta secci\u00f3n es tambi\u00e9n el lema general de los scouts \u00ab<i>Sempre a punt<\/i>\u00ab.<\/p><p>Dins de la tropa, els\/les scouts se subdivideixen en patrulles que reben el nom de diferents animals (panteres, castors, koales, \u00e0guiles\u2026).\u00a0<\/p>\t\t\t\t\t\t\t\t<\/div>\n\t\t\t\t<\/div>\n\t\t\t\t\t<\/div>\n\t\t\t\t<\/div>\n\t\t<div class=\"elementor-element elementor-element-cc88881 e-flex e-con-boxed wpr-particle-no wpr-jarallax-no wpr-parallax-no wpr-sticky-section-no wpr-equal-height-no e-con e-parent\" data-id=\"cc88881\" data-element_type=\"container\" data-e-type=\"container\">\n\t\t\t\t\t<div class=\"e-con-inner\">\n\t\t\t\t<div class=\"elementor-element elementor-element-d1c43e8 elementor-widget elementor-widget-heading\" data-id=\"d1c43e8\" data-element_type=\"widget\" data-e-type=\"widget\" data-widget_type=\"heading.default\">\n\t\t\t\t<div class=\"elementor-widget-container\">\n\t\t\t\t\t<h3 class=\"elementor-heading-title elementor-size-default\">La unitat Escolta<\/h3>\t\t\t\t<\/div>\n\t\t\t\t<\/div>\n\t\t\t\t\t<\/div>\n\t\t\t\t<\/div>\n\t\t<div class=\"elementor-element elementor-element-574cec4 e-grid e-con-boxed wpr-particle-no wpr-jarallax-no wpr-parallax-no wpr-sticky-section-no wpr-equal-height-no e-con e-parent\" data-id=\"574cec4\" data-element_type=\"container\" data-e-type=\"container\">\n\t\t\t\t\t<div class=\"e-con-inner\">\n\t\t\t\t<div class=\"elementor-element elementor-element-503ea0c elementor-widget elementor-widget-image\" data-id=\"503ea0c\" data-element_type=\"widget\" data-e-type=\"widget\" data-widget_type=\"image.default\">\n\t\t\t\t<div class=\"elementor-widget-container\">\n\t\t\t\t\t\t\t\t\t\t\t\t\t\t\t<img loading=\"lazy\" decoding=\"async\" width=\"1024\" height=\"1024\" src=\"https:\/\/scoutsonda163.org\/wp-content\/uploads\/2024\/07\/Esculta-1024x1024.png\" class=\"attachment-large size-large wp-image-1093\" alt=\"\" srcset=\"https:\/\/scoutsonda163.org\/wp-content\/uploads\/2024\/07\/Esculta-1024x1024.png 1024w, https:\/\/scoutsonda163.org\/wp-content\/uploads\/2024\/07\/Esculta-300x300.png 300w, https:\/\/scoutsonda163.org\/wp-content\/uploads\/2024\/07\/Esculta-150x150.png 150w, https:\/\/scoutsonda163.org\/wp-content\/uploads\/2024\/07\/Esculta-768x768.png 768w, https:\/\/scoutsonda163.org\/wp-content\/uploads\/2024\/07\/Esculta-12x12.png 12w, https:\/\/scoutsonda163.org\/wp-content\/uploads\/2024\/07\/Esculta-600x600.png 600w, https:\/\/scoutsonda163.org\/wp-content\/uploads\/2024\/07\/Esculta-100x100.png 100w, https:\/\/scoutsonda163.org\/wp-content\/uploads\/2024\/07\/Esculta.png 1080w\" sizes=\"(max-width: 1024px) 100vw, 1024px\" \/>\t\t\t\t\t\t\t\t\t\t\t\t\t\t\t<\/div>\n\t\t\t\t<\/div>\n\t\t\t\t<div class=\"elementor-element elementor-element-5f5c2f7 elementor-widget elementor-widget-text-editor\" data-id=\"5f5c2f7\" data-element_type=\"widget\" data-e-type=\"widget\" data-widget_type=\"text-editor.default\">\n\t\t\t\t<div class=\"elementor-widget-container\">\n\t\t\t\t\t\t\t\t\t<p>La nostra unitat Escolta es diu <strong>Escolta Tukamish Sukuamish<\/strong>, que \u00e9s el nom d'una tribu amerindia dels Estats Units.\u00a0<\/p><p>En esta secci\u00f3n encontramos a los\/as escultas (de entre 14 y 17 a\u00f1os) y\u00a0 el lema principal de esta secci\u00f3n es la \u00ab<i>Unitat<\/i>\u00ab, por lo tanto, no se subdivide el grupo. La metodolog\u00eda de esta secci\u00f3n se basa, como en la anterior, en el libro de Escultismo para muchachos de Baden Powell y, concretamente en nuestra Esculta, en la carta del Jefe Seattle al presidente de Estados Unidos, como un refuerzo a la importancia del medioambiente y nuestra relaci\u00f3n con el ecosistema.\u00a0<\/p><p>\u00a0<\/p>\t\t\t\t\t\t\t\t<\/div>\n\t\t\t\t<\/div>\n\t\t\t\t\t<\/div>\n\t\t\t\t<\/div>\n\t\t<div class=\"elementor-element elementor-element-3629387 e-flex e-con-boxed wpr-particle-no wpr-jarallax-no wpr-parallax-no wpr-sticky-section-no wpr-equal-height-no e-con e-parent\" data-id=\"3629387\" data-element_type=\"container\" data-e-type=\"container\">\n\t\t\t\t\t<div class=\"e-con-inner\">\n\t\t\t\t<div class=\"elementor-element elementor-element-19781e0 elementor-widget elementor-widget-heading\" data-id=\"19781e0\" data-element_type=\"widget\" data-e-type=\"widget\" data-widget_type=\"heading.default\">\n\t\t\t\t<div class=\"elementor-widget-container\">\n\t\t\t\t\t<h3 class=\"elementor-heading-title elementor-size-default\">El clan<\/h3>\t\t\t\t<\/div>\n\t\t\t\t<\/div>\n\t\t\t\t\t<\/div>\n\t\t\t\t<\/div>\n\t\t<div class=\"elementor-element elementor-element-764dea6 e-grid e-con-boxed wpr-particle-no wpr-jarallax-no wpr-parallax-no wpr-sticky-section-no wpr-equal-height-no e-con e-parent\" data-id=\"764dea6\" data-element_type=\"container\" data-e-type=\"container\">\n\t\t\t\t\t<div class=\"e-con-inner\">\n\t\t\t\t<div class=\"elementor-element elementor-element-d35c73a elementor-widget elementor-widget-image\" data-id=\"d35c73a\" data-element_type=\"widget\" data-e-type=\"widget\" data-widget_type=\"image.default\">\n\t\t\t\t<div class=\"elementor-widget-container\">\n\t\t\t\t\t\t\t\t\t\t\t\t\t\t\t<img loading=\"lazy\" decoding=\"async\" width=\"1024\" height=\"1024\" src=\"https:\/\/scoutsonda163.org\/wp-content\/uploads\/2024\/07\/rover-1024x1024.png\" class=\"attachment-large size-large wp-image-1094\" alt=\"\" srcset=\"https:\/\/scoutsonda163.org\/wp-content\/uploads\/2024\/07\/rover-1024x1024.png 1024w, https:\/\/scoutsonda163.org\/wp-content\/uploads\/2024\/07\/rover-300x300.png 300w, https:\/\/scoutsonda163.org\/wp-content\/uploads\/2024\/07\/rover-150x150.png 150w, https:\/\/scoutsonda163.org\/wp-content\/uploads\/2024\/07\/rover-768x768.png 768w, https:\/\/scoutsonda163.org\/wp-content\/uploads\/2024\/07\/rover-12x12.png 12w, https:\/\/scoutsonda163.org\/wp-content\/uploads\/2024\/07\/rover-600x600.png 600w, https:\/\/scoutsonda163.org\/wp-content\/uploads\/2024\/07\/rover-100x100.png 100w, https:\/\/scoutsonda163.org\/wp-content\/uploads\/2024\/07\/rover.png 1080w\" sizes=\"(max-width: 1024px) 100vw, 1024px\" \/>\t\t\t\t\t\t\t\t\t\t\t\t\t\t\t<\/div>\n\t\t\t\t<\/div>\n\t\t\t\t<div class=\"elementor-element elementor-element-77b2a30 elementor-widget elementor-widget-text-editor\" data-id=\"77b2a30\" data-element_type=\"widget\" data-e-type=\"widget\" data-widget_type=\"text-editor.default\">\n\t\t\t\t<div class=\"elementor-widget-container\">\n\t\t\t\t\t\t\t\t\t<p>El clan, o els rovers, suposa l'\u00faltima etapa educativa del cicle scout, on es prepara els\/les educands (d'entre 17 i 21 anys) com a futurs scouters de les seccions.\u00a0<\/p><p>El lema de esta secci\u00f3n es \u00ab<i>Servir<\/i>\u00ab, que enfatiza el inicio del servicio al propio grupo scout y al resto de la sociedad, algo que se enmarca dentro del contexto educativo de esta estapa. El marco metodol\u00f3gico se basa en el libro de <b>Roverisme cap a l'\u00e8xit<\/b>\u00a0escrit per Baden Powell.\u00a0<\/p><p>El nostre clan es diu <strong>Clan Edelweis<\/strong>, per la flor d'alta muntanya amb aquest mateix nom.<\/p>\t\t\t\t\t\t\t\t<\/div>\n\t\t\t\t<\/div>\n\t\t\t\t\t<\/div>\n\t\t\t\t<\/div>\n\t\t\t\t<\/div>","protected":false},"excerpt":{"rendered":"<p>Las secciones Dentro de los scouts organizamos a los\/as ni\u00f1os\/as en secciones, donde cada una de ellas cuenta con unos objetivos educativos y una metodolog\u00eda concreta de trabajo. Las secciones son: Colonia (castores\/as): entre 5 y 8 a\u00f1os. Manada (lobatos\/as): entre 8 y 11 a\u00f1os.\u00a0 Tropa (scouts): entre 11 y 14 a\u00f1os.\u00a0 Unidad Esculta (escultas): entre 14 y 17 a\u00f1os.\u00a0 Clan (rovers) entre 17 y 21 a\u00f1os. La colonia Nuestra Colonia recibe el nombre de Colonia Sitjar.\u00a0 En esta secci\u00f3n se encuentran los castores y las castoras (ni\u00f1os\/as de entre 5 y 8 a\u00f1os). La ambientaci\u00f3n de esta estapa se basa en El libro de los amigos del bosque, de A.H. McCartney, y su lema principal es \u00abCompartir\u00ab, como apoyo al aprendizaje principal de esta primera etapa en el mundo scout.\u00a0 Los\/as scouters de esta etapa reciben el nombre de \u00abGrandes Castores\/as\u00bb.\u00a0 \u00a0 La manada Nuestra Manada recibe el nombre de Manada Waingunga.\u00a0 En esta secci\u00f3nn se encuentra los lobatos y las lobatas (ni\u00f1os\/as de entre 8 y 11 a\u00f1os). La ambientaci\u00f3nn de esta etapa se basa en el\u00a0Libro de las Tierras V\u00edrgenes de Rudyard Kipling (el Libro de la Selva en la adaptaci\u00f3n de Disney). El lema de esta secci\u00f3n es \u00abHaremos lo mejor\u00ab. Durante esta etapa se subdivide a los\/as lobatos\/as en grupos de seis (\u00abseisenas\u00bb), para iniciar el sistema de trabajo en peque\u00f1os grupos, propio del m\u00e9todo scout. Los\/as scouters de esta etapa reciben el nombre de los personajes del anteriormente mencionado libro, y generalmente se les llama \u00abViejos\/as Lobos\/as\u00bb. La Tropa Nuestra Tropa recibe el nombre de Tropa Shapa Wan. La Tropa, donde encontramos scouts (ni\u00f1os\/as de entre 11 y 14 a\u00f1os) es la secci\u00f3n donde se empieza a trabajar espec\u00edficamente a partir del libro de Escultismo para muchachos\u00a0de Baden Powell, fundador del movimiento de escultismo mundial. El lema de esta secci\u00f3n es tambi\u00e9n el lema general de los scouts \u00abSiempre listos\/as\u00ab. Dentro de la tropa, los\/as scouts se subdividen en patrullas que reciben el nombre de diferentes animales (panteras, castores, koalas, \u00e1guilas&#8230;).\u00a0 La unidad Esculta Nuestra unidad Esculta se llama Esculta Tukamish Sukuamish, que es el nombre de una tribu amerindia de Estados Unidos.\u00a0 En esta secci\u00f3n encontramos a los\/as escultas (de entre 14 y 17 a\u00f1os) y\u00a0 el lema principal de esta secci\u00f3n es la \u00abUnidad\u00ab, por lo tanto, no se subdivide el grupo. La metodolog\u00eda de esta secci\u00f3n se basa, como en la anterior, en el libro de Escultismo para muchachos de Baden Powell y, concretamente en nuestra Esculta, en la carta del Jefe Seattle al presidente de Estados Unidos, como un refuerzo a la importancia del medioambiente y nuestra relaci\u00f3n con el ecosistema.\u00a0 \u00a0 El clan El clan, o los\/as rovers, supone la \u00faltima etapa educativa del ciclo scout, donde se prepara a los\/as educandos\/as (de entre 17 y 21 a\u00f1os) como futuros\/as scouters de las secciones.\u00a0 El lema de esta secci\u00f3n es \u00abServir\u00ab, que enfatiza el inicio del servicio al propio grupo scout y al resto de la sociedad, algo que se enmarca dentro del contexto educativo de esta estapa. El marco metodol\u00f3gico se basa en el libro de Roverismo hacia el \u00e9xito\u00a0escrito por Baden Powell.\u00a0 Nuestro clan se llama Clan Edelweis, por la flor de alta monta\u00f1a con este mismo nombre.<\/p>","protected":false},"author":1,"featured_media":1226,"parent":0,"menu_order":0,"comment_status":"closed","ping_status":"closed","template":"","meta":{"_themeisle_gutenberg_block_has_review":false,"footnotes":""},"class_list":["post-308","page","type-page","status-publish","has-post-thumbnail","hentry"],"jetpack_sharing_enabled":true,"_links":{"self":[{"href":"https:\/\/scoutsonda163.org\/ca\/wp-json\/wp\/v2\/pages\/308","targetHints":{"allow":["GET"]}}],"collection":[{"href":"https:\/\/scoutsonda163.org\/ca\/wp-json\/wp\/v2\/pages"}],"about":[{"href":"https:\/\/scoutsonda163.org\/ca\/wp-json\/wp\/v2\/types\/page"}],"author":[{"embeddable":true,"href":"https:\/\/scoutsonda163.org\/ca\/wp-json\/wp\/v2\/users\/1"}],"replies":[{"embeddable":true,"href":"https:\/\/scoutsonda163.org\/ca\/wp-json\/wp\/v2\/comments?post=308"}],"version-history":[{"count":11,"href":"https:\/\/scoutsonda163.org\/ca\/wp-json\/wp\/v2\/pages\/308\/revisions"}],"predecessor-version":[{"id":1097,"href":"https:\/\/scoutsonda163.org\/ca\/wp-json\/wp\/v2\/pages\/308\/revisions\/1097"}],"wp:featuredmedia":[{"embeddable":true,"href":"https:\/\/scoutsonda163.org\/ca\/wp-json\/wp\/v2\/media\/1226"}],"wp:attachment":[{"href":"https:\/\/scoutsonda163.org\/ca\/wp-json\/wp\/v2\/media?parent=308"}],"curies":[{"name":"wp","href":"https:\/\/api.w.org\/{rel}","templated":true}]}}