{"id":307,"date":"2024-06-28T21:17:16","date_gmt":"2024-06-28T21:17:16","guid":{"rendered":"https:\/\/scoutsonda163.org\/?page_id=307"},"modified":"2024-09-24T18:21:00","modified_gmt":"2024-09-24T18:21:00","slug":"programa-educativo","status":"publish","type":"page","link":"https:\/\/scoutsonda163.org\/ca\/programa-educativo\/","title":{"rendered":"Programa educatiu"},"content":{"rendered":"<div data-elementor-type=\"wp-page\" data-elementor-id=\"307\" class=\"elementor elementor-307\" data-elementor-post-type=\"page\">\n\t\t\t\t<div class=\"elementor-element elementor-element-88e908f e-flex e-con-boxed wpr-particle-no wpr-jarallax-no wpr-parallax-no wpr-sticky-section-no wpr-equal-height-no e-con e-parent\" data-id=\"88e908f\" data-element_type=\"container\" data-e-type=\"container\">\n\t\t\t\t\t<div class=\"e-con-inner\">\n\t\t\t\t<div class=\"elementor-element elementor-element-0911130 elementor-widget elementor-widget-heading\" data-id=\"0911130\" data-element_type=\"widget\" data-e-type=\"widget\" data-widget_type=\"heading.default\">\n\t\t\t\t<div class=\"elementor-widget-container\">\n\t\t\t\t\t<h2 class=\"elementor-heading-title elementor-size-default\">Programa educatiu<\/h2>\t\t\t\t<\/div>\n\t\t\t\t<\/div>\n\t\t\t\t\t<\/div>\n\t\t\t\t<\/div>\n\t\t<div class=\"elementor-element elementor-element-e3d54b9 e-flex e-con-boxed wpr-particle-no wpr-jarallax-no wpr-parallax-no wpr-sticky-section-no wpr-equal-height-no e-con e-parent\" data-id=\"e3d54b9\" data-element_type=\"container\" data-e-type=\"container\">\n\t\t\t\t\t<div class=\"e-con-inner\">\n\t\t\t\t<div class=\"elementor-element elementor-element-6c50126 elementor-widget elementor-widget-text-editor\" data-id=\"6c50126\" data-element_type=\"widget\" data-e-type=\"widget\" data-widget_type=\"text-editor.default\">\n\t\t\t\t<div class=\"elementor-widget-container\">\n\t\t\t\t\t\t\t\t\t<p>El m\u00e8tode educatiu scout consisteix en, a trav\u00e9s d'activitats de lliure, educar en valors, que es tradueixen en quatre compromisos concretament:<\/p><ol><li>Comprom\u00eds social;<\/li><li>Comprom\u00eds ambiental;<\/li><li>Comprom\u00eds per a la salut;<\/li><li>Comprom\u00eds espiritual.\u00a0<\/li><\/ol><p>Aquests compromisos es tradueixen, alhora, en objectius concrets, els continguts dels quals varien en funci\u00f3 de l'etapa educativa (secci\u00f3) en qu\u00e8 es trobe el\/la nen\/a o adolescent.<\/p>\t\t\t\t\t\t\t\t<\/div>\n\t\t\t\t<\/div>\n\t\t\t\t\t<\/div>\n\t\t\t\t<\/div>\n\t\t<div class=\"elementor-element elementor-element-e757b67 e-flex e-con-boxed wpr-particle-no wpr-jarallax-no wpr-parallax-no wpr-sticky-section-no wpr-equal-height-no e-con e-parent\" data-id=\"e757b67\" data-element_type=\"container\" data-e-type=\"container\">\n\t\t\t\t\t<div class=\"e-con-inner\">\n\t\t\t\t<div class=\"elementor-element elementor-element-7fb7e0e elementor-widget elementor-widget-heading\" data-id=\"7fb7e0e\" data-element_type=\"widget\" data-e-type=\"widget\" data-widget_type=\"heading.default\">\n\t\t\t\t<div class=\"elementor-widget-container\">\n\t\t\t\t\t<h3 class=\"elementor-heading-title elementor-size-default\">El m\u00e8tode scout<\/h3>\t\t\t\t<\/div>\n\t\t\t\t<\/div>\n\t\t\t\t\t<\/div>\n\t\t\t\t<\/div>\n\t\t<div class=\"elementor-element elementor-element-bfc9b8e e-flex e-con-boxed wpr-particle-no wpr-jarallax-no wpr-parallax-no wpr-sticky-section-no wpr-equal-height-no e-con e-parent\" data-id=\"bfc9b8e\" data-element_type=\"container\" data-e-type=\"container\">\n\t\t\t\t\t<div class=\"e-con-inner\">\n\t\t<div class=\"elementor-element elementor-element-274fd71 e-con-full e-flex wpr-particle-no wpr-jarallax-no wpr-parallax-no wpr-sticky-section-no wpr-equal-height-no e-con e-child\" data-id=\"274fd71\" data-element_type=\"container\" data-e-type=\"container\">\n\t\t\t\t<div class=\"elementor-element elementor-element-439fe4b elementor-widget elementor-widget-image\" data-id=\"439fe4b\" data-element_type=\"widget\" data-e-type=\"widget\" data-widget_type=\"image.default\">\n\t\t\t\t<div class=\"elementor-widget-container\">\n\t\t\t\t\t\t\t\t\t\t\t\t\t\t\t<img fetchpriority=\"high\" decoding=\"async\" width=\"343\" height=\"480\" src=\"https:\/\/scoutsonda163.org\/wp-content\/uploads\/2024\/08\/el-metodo-scout-0.webp\" class=\"attachment-large size-large wp-image-1176\" alt=\"\" srcset=\"https:\/\/scoutsonda163.org\/wp-content\/uploads\/2024\/08\/el-metodo-scout-0.webp 343w, https:\/\/scoutsonda163.org\/wp-content\/uploads\/2024\/08\/el-metodo-scout-0-214x300.webp 214w, https:\/\/scoutsonda163.org\/wp-content\/uploads\/2024\/08\/el-metodo-scout-0-9x12.webp 9w\" sizes=\"(max-width: 343px) 100vw, 343px\" \/>\t\t\t\t\t\t\t\t\t\t\t\t\t\t\t<\/div>\n\t\t\t\t<\/div>\n\t\t\t\t<\/div>\n\t\t<div class=\"elementor-element elementor-element-dbf28f4 e-con-full e-flex wpr-particle-no wpr-jarallax-no wpr-parallax-no wpr-sticky-section-no wpr-equal-height-no e-con e-child\" data-id=\"dbf28f4\" data-element_type=\"container\" data-e-type=\"container\">\n\t\t\t\t<div class=\"elementor-element elementor-element-48e1a5f elementor-widget elementor-widget-image\" data-id=\"48e1a5f\" data-element_type=\"widget\" data-e-type=\"widget\" data-widget_type=\"image.default\">\n\t\t\t\t<div class=\"elementor-widget-container\">\n\t\t\t\t\t\t\t\t\t\t\t\t\t\t\t<img decoding=\"async\" width=\"731\" height=\"1024\" src=\"https:\/\/scoutsonda163.org\/wp-content\/uploads\/2024\/08\/el-metodo-scout-1-731x1024.jpg\" class=\"attachment-large size-large wp-image-1177\" alt=\"\" srcset=\"https:\/\/scoutsonda163.org\/wp-content\/uploads\/2024\/08\/el-metodo-scout-1-731x1024.jpg 731w, https:\/\/scoutsonda163.org\/wp-content\/uploads\/2024\/08\/el-metodo-scout-1-214x300.jpg 214w, https:\/\/scoutsonda163.org\/wp-content\/uploads\/2024\/08\/el-metodo-scout-1-768x1075.jpg 768w, https:\/\/scoutsonda163.org\/wp-content\/uploads\/2024\/08\/el-metodo-scout-1-9x12.jpg 9w, https:\/\/scoutsonda163.org\/wp-content\/uploads\/2024\/08\/el-metodo-scout-1-600x840.jpg 600w, https:\/\/scoutsonda163.org\/wp-content\/uploads\/2024\/08\/el-metodo-scout-1.jpg 1000w\" sizes=\"(max-width: 731px) 100vw, 731px\" \/>\t\t\t\t\t\t\t\t\t\t\t\t\t\t\t<\/div>\n\t\t\t\t<\/div>\n\t\t\t\t<\/div>\n\t\t\t\t\t<\/div>\n\t\t\t\t<\/div>\n\t\t<div class=\"elementor-element elementor-element-cc7783a e-flex e-con-boxed wpr-particle-no wpr-jarallax-no wpr-parallax-no wpr-sticky-section-no wpr-equal-height-no e-con e-parent\" data-id=\"cc7783a\" data-element_type=\"container\" data-e-type=\"container\">\n\t\t\t\t\t<div class=\"e-con-inner\">\n\t\t<div class=\"elementor-element elementor-element-4d3126d e-con-full e-flex wpr-particle-no wpr-jarallax-no wpr-parallax-no wpr-sticky-section-no wpr-equal-height-no e-con e-child\" data-id=\"4d3126d\" data-element_type=\"container\" data-e-type=\"container\">\n\t\t\t\t<div class=\"elementor-element elementor-element-2c3488a elementor-widget elementor-widget-image\" data-id=\"2c3488a\" data-element_type=\"widget\" data-e-type=\"widget\" data-widget_type=\"image.default\">\n\t\t\t\t<div class=\"elementor-widget-container\">\n\t\t\t\t\t\t\t\t\t\t\t\t\t\t\t<img decoding=\"async\" width=\"1024\" height=\"1024\" src=\"https:\/\/scoutsonda163.org\/wp-content\/uploads\/2024\/08\/social-1024x1024.png\" class=\"attachment-large size-large wp-image-1168\" alt=\"\" srcset=\"https:\/\/scoutsonda163.org\/wp-content\/uploads\/2024\/08\/social-1024x1024.png 1024w, https:\/\/scoutsonda163.org\/wp-content\/uploads\/2024\/08\/social-300x300.png 300w, https:\/\/scoutsonda163.org\/wp-content\/uploads\/2024\/08\/social-150x150.png 150w, https:\/\/scoutsonda163.org\/wp-content\/uploads\/2024\/08\/social-768x768.png 768w, https:\/\/scoutsonda163.org\/wp-content\/uploads\/2024\/08\/social-12x12.png 12w, https:\/\/scoutsonda163.org\/wp-content\/uploads\/2024\/08\/social-600x600.png 600w, https:\/\/scoutsonda163.org\/wp-content\/uploads\/2024\/08\/social-100x100.png 100w, https:\/\/scoutsonda163.org\/wp-content\/uploads\/2024\/08\/social.png 1080w\" sizes=\"(max-width: 1024px) 100vw, 1024px\" \/>\t\t\t\t\t\t\t\t\t\t\t\t\t\t\t<\/div>\n\t\t\t\t<\/div>\n\t\t\t\t<\/div>\n\t\t<div class=\"elementor-element elementor-element-f6de33c e-con-full e-flex wpr-particle-no wpr-jarallax-no wpr-parallax-no wpr-sticky-section-no wpr-equal-height-no e-con e-child\" data-id=\"f6de33c\" data-element_type=\"container\" data-e-type=\"container\">\n\t\t\t\t<div class=\"elementor-element elementor-element-e8e05dd elementor-widget elementor-widget-text-editor\" data-id=\"e8e05dd\" data-element_type=\"widget\" data-e-type=\"widget\" data-widget_type=\"text-editor.default\">\n\t\t\t\t<div class=\"elementor-widget-container\">\n\t\t\t\t\t\t\t\t\t<h5><strong>Comprom\u00eds social<\/strong><\/h5>\n<p>El comprom\u00eds social s'ent\u00e9n com el comportament de servei cap a la societat i altres persones, i compr\u00e8n:<\/p>\n<ul>\n<li>Normes c\u00edviques, socials i de conviv\u00e8ncia;<\/li>\n<li>Voluntariat i cooperaci\u00f3;<\/li>\n<li>Autonomia, iniciativa i responsabilitat personal;<\/li>\n<li>Habilitats socials;<\/li>\n<li>Educaci\u00f3 vial;<\/li>\n<li>Educaci\u00f3 per a la igualtat d'oportunitats;<\/li>\n<li>Orientaci\u00f3 acad\u00e8mica i inserci\u00f3 laboral;<\/li>\n<li>Tecnologies de la informaci\u00f3 i la comunicaci\u00f3.<\/li>\n<\/ul>\t\t\t\t\t\t\t\t<\/div>\n\t\t\t\t<\/div>\n\t\t\t\t<\/div>\n\t\t\t\t\t<\/div>\n\t\t\t\t<\/div>\n\t\t<div class=\"elementor-element elementor-element-cb0b158 e-flex e-con-boxed wpr-particle-no wpr-jarallax-no wpr-parallax-no wpr-sticky-section-no wpr-equal-height-no e-con e-parent\" data-id=\"cb0b158\" data-element_type=\"container\" data-e-type=\"container\">\n\t\t\t\t\t<div class=\"e-con-inner\">\n\t\t<div class=\"elementor-element elementor-element-b12e683 e-con-full e-flex wpr-particle-no wpr-jarallax-no wpr-parallax-no wpr-sticky-section-no wpr-equal-height-no e-con e-child\" data-id=\"b12e683\" data-element_type=\"container\" data-e-type=\"container\">\n\t\t\t\t<div class=\"elementor-element elementor-element-d9316db elementor-widget elementor-widget-image\" data-id=\"d9316db\" data-element_type=\"widget\" data-e-type=\"widget\" data-widget_type=\"image.default\">\n\t\t\t\t<div class=\"elementor-widget-container\">\n\t\t\t\t\t\t\t\t\t\t\t\t\t\t\t<img loading=\"lazy\" decoding=\"async\" width=\"1024\" height=\"768\" src=\"https:\/\/scoutsonda163.org\/wp-content\/uploads\/2024\/08\/compromiso-ambiental-1024x768.jpg\" class=\"attachment-large size-large wp-image-1169\" alt=\"\" srcset=\"https:\/\/scoutsonda163.org\/wp-content\/uploads\/2024\/08\/compromiso-ambiental-1024x768.jpg 1024w, https:\/\/scoutsonda163.org\/wp-content\/uploads\/2024\/08\/compromiso-ambiental-300x225.jpg 300w, https:\/\/scoutsonda163.org\/wp-content\/uploads\/2024\/08\/compromiso-ambiental-768x576.jpg 768w, https:\/\/scoutsonda163.org\/wp-content\/uploads\/2024\/08\/compromiso-ambiental-16x12.jpg 16w, https:\/\/scoutsonda163.org\/wp-content\/uploads\/2024\/08\/compromiso-ambiental-600x450.jpg 600w, https:\/\/scoutsonda163.org\/wp-content\/uploads\/2024\/08\/compromiso-ambiental.jpg 1200w\" sizes=\"(max-width: 1024px) 100vw, 1024px\" \/>\t\t\t\t\t\t\t\t\t\t\t\t\t\t\t<\/div>\n\t\t\t\t<\/div>\n\t\t\t\t<\/div>\n\t\t<div class=\"elementor-element elementor-element-48130d0 e-con-full e-flex wpr-particle-no wpr-jarallax-no wpr-parallax-no wpr-sticky-section-no wpr-equal-height-no e-con e-child\" data-id=\"48130d0\" data-element_type=\"container\" data-e-type=\"container\">\n\t\t\t\t<div class=\"elementor-element elementor-element-d61d04e elementor-widget elementor-widget-text-editor\" data-id=\"d61d04e\" data-element_type=\"widget\" data-e-type=\"widget\" data-widget_type=\"text-editor.default\">\n\t\t\t\t<div class=\"elementor-widget-container\">\n\t\t\t\t\t\t\t\t\t<h5><strong>Comprom\u00eds ambiental<\/strong><\/h5><p>La vida a la natura \u00e9s un dels pilars del m\u00e8tode scout, per la qual cosa aquest comprom\u00eds abasta:<\/p><ul><li>Coneixement de l'entorn que ens envolta i els elements que en formen part;<\/li><li>Educaci\u00f3 ambiental, generant actituds de respecte, cura i protecci\u00f3 de l'entorn, promovent-hi un acostament afectiu;<\/li><li>T\u00e8cniques escolta que es realitzen a l'aire lliure com a campisme, cabuyeria, construccions\u2026 com a model d'integraci\u00f3 amb la natura.<\/li><\/ul>\t\t\t\t\t\t\t\t<\/div>\n\t\t\t\t<\/div>\n\t\t\t\t<\/div>\n\t\t\t\t\t<\/div>\n\t\t\t\t<\/div>\n\t\t<div class=\"elementor-element elementor-element-6272c83 e-flex e-con-boxed wpr-particle-no wpr-jarallax-no wpr-parallax-no wpr-sticky-section-no wpr-equal-height-no e-con e-parent\" data-id=\"6272c83\" data-element_type=\"container\" data-e-type=\"container\">\n\t\t\t\t\t<div class=\"e-con-inner\">\n\t\t<div class=\"elementor-element elementor-element-f90a7c1 e-con-full e-flex wpr-particle-no wpr-jarallax-no wpr-parallax-no wpr-sticky-section-no wpr-equal-height-no e-con e-child\" data-id=\"f90a7c1\" data-element_type=\"container\" data-e-type=\"container\">\n\t\t\t\t<div class=\"elementor-element elementor-element-61e6ebb elementor-widget elementor-widget-image\" data-id=\"61e6ebb\" data-element_type=\"widget\" data-e-type=\"widget\" data-widget_type=\"image.default\">\n\t\t\t\t<div class=\"elementor-widget-container\">\n\t\t\t\t\t\t\t\t\t\t\t\t\t\t\t<img loading=\"lazy\" decoding=\"async\" width=\"960\" height=\"720\" src=\"https:\/\/scoutsonda163.org\/wp-content\/uploads\/2024\/08\/educacion-para-la-salud.jpg\" class=\"attachment-large size-large wp-image-1173\" alt=\"\" srcset=\"https:\/\/scoutsonda163.org\/wp-content\/uploads\/2024\/08\/educacion-para-la-salud.jpg 960w, https:\/\/scoutsonda163.org\/wp-content\/uploads\/2024\/08\/educacion-para-la-salud-300x225.jpg 300w, https:\/\/scoutsonda163.org\/wp-content\/uploads\/2024\/08\/educacion-para-la-salud-768x576.jpg 768w, https:\/\/scoutsonda163.org\/wp-content\/uploads\/2024\/08\/educacion-para-la-salud-16x12.jpg 16w, https:\/\/scoutsonda163.org\/wp-content\/uploads\/2024\/08\/educacion-para-la-salud-600x450.jpg 600w\" sizes=\"(max-width: 960px) 100vw, 960px\" \/>\t\t\t\t\t\t\t\t\t\t\t\t\t\t\t<\/div>\n\t\t\t\t<\/div>\n\t\t\t\t<\/div>\n\t\t<div class=\"elementor-element elementor-element-aa5f8ad e-con-full e-flex wpr-particle-no wpr-jarallax-no wpr-parallax-no wpr-sticky-section-no wpr-equal-height-no e-con e-child\" data-id=\"aa5f8ad\" data-element_type=\"container\" data-e-type=\"container\">\n\t\t\t\t<div class=\"elementor-element elementor-element-911df61 elementor-widget elementor-widget-text-editor\" data-id=\"911df61\" data-element_type=\"widget\" data-e-type=\"widget\" data-widget_type=\"text-editor.default\">\n\t\t\t\t<div class=\"elementor-widget-container\">\n\t\t\t\t\t\t\t\t\t<h5><strong>Comprom\u00eds amb la salut:<\/strong><\/h5><p>Des d'una perspectiva \u00e0mplia de la salut i plantejant-la des de la prevenci\u00f3 i la promoci\u00f3 d'h\u00e0bits saludables, compr\u00e8n:<\/p><ul><li>L'aprenentatge de recursos i el desenvolupament d'actituds que permetin mantenir un equilibri mental i assolir la gesti\u00f3 adequada de les emocions i els sentiments;<\/li><li>El desenvolupament d'una autoestima i un autoconcepte saludables, alhora que realistes;<\/li><li>La promoci\u00f3 d'activitats saludables amb qu\u00e8 ocupar el seu temps lliure;<\/li><li>L'adquisici\u00f3 d'h\u00e0bits d'higiene i d'alimentaci\u00f3 saludable que es treballin de manera estable al llarg dels anys.<\/li><\/ul>\t\t\t\t\t\t\t\t<\/div>\n\t\t\t\t<\/div>\n\t\t\t\t<\/div>\n\t\t\t\t\t<\/div>\n\t\t\t\t<\/div>\n\t\t<div class=\"elementor-element elementor-element-3fa1787 e-flex e-con-boxed wpr-particle-no wpr-jarallax-no wpr-parallax-no wpr-sticky-section-no wpr-equal-height-no e-con e-parent\" data-id=\"3fa1787\" data-element_type=\"container\" data-e-type=\"container\">\n\t\t\t\t\t<div class=\"e-con-inner\">\n\t\t<div class=\"elementor-element elementor-element-9038da3 e-con-full e-flex wpr-particle-no wpr-jarallax-no wpr-parallax-no wpr-sticky-section-no wpr-equal-height-no e-con e-child\" data-id=\"9038da3\" data-element_type=\"container\" data-e-type=\"container\">\n\t\t\t\t<div class=\"elementor-element elementor-element-2c1381b elementor-widget elementor-widget-image\" data-id=\"2c1381b\" data-element_type=\"widget\" data-e-type=\"widget\" data-widget_type=\"image.default\">\n\t\t\t\t<div class=\"elementor-widget-container\">\n\t\t\t\t\t\t\t\t\t\t\t\t\t\t\t<img loading=\"lazy\" decoding=\"async\" width=\"1024\" height=\"768\" src=\"https:\/\/scoutsonda163.org\/wp-content\/uploads\/2024\/08\/compromiso-espiritual-1024x768.jpg\" class=\"attachment-large size-large wp-image-1175\" alt=\"\" srcset=\"https:\/\/scoutsonda163.org\/wp-content\/uploads\/2024\/08\/compromiso-espiritual-1024x768.jpg 1024w, https:\/\/scoutsonda163.org\/wp-content\/uploads\/2024\/08\/compromiso-espiritual-300x225.jpg 300w, https:\/\/scoutsonda163.org\/wp-content\/uploads\/2024\/08\/compromiso-espiritual-768x576.jpg 768w, https:\/\/scoutsonda163.org\/wp-content\/uploads\/2024\/08\/compromiso-espiritual-16x12.jpg 16w, https:\/\/scoutsonda163.org\/wp-content\/uploads\/2024\/08\/compromiso-espiritual-600x450.jpg 600w, https:\/\/scoutsonda163.org\/wp-content\/uploads\/2024\/08\/compromiso-espiritual.jpg 1224w\" sizes=\"(max-width: 1024px) 100vw, 1024px\" \/>\t\t\t\t\t\t\t\t\t\t\t\t\t\t\t<\/div>\n\t\t\t\t<\/div>\n\t\t\t\t<\/div>\n\t\t<div class=\"elementor-element elementor-element-ac9e645 e-con-full e-flex wpr-particle-no wpr-jarallax-no wpr-parallax-no wpr-sticky-section-no wpr-equal-height-no e-con e-child\" data-id=\"ac9e645\" data-element_type=\"container\" data-e-type=\"container\">\n\t\t\t\t<div class=\"elementor-element elementor-element-ca5ec5b elementor-widget elementor-widget-text-editor\" data-id=\"ca5ec5b\" data-element_type=\"widget\" data-e-type=\"widget\" data-widget_type=\"text-editor.default\">\n\t\t\t\t<div class=\"elementor-widget-container\">\n\t\t\t\t\t\t\t\t\t<h5><strong>Comprom\u00eds espiritual:<\/strong><\/h5>\n<p>Entes que aquest pot manifestar-se tant amb principis \u00e8tics i morals com amb creences religioses, sent el seu m\u00e0xim exponent la Promesa i la Llei Scout. Aquest comprom\u00eds implica tres blocs:<\/p>\n<ul>\n<li>La&nbsp;<strong>Persona<\/strong>, que inclou objectius, continguts i criteris vinculats amb la construcci\u00f3 de la pr\u00f2pia personalitat;<\/li>\n<li>Els&nbsp;<strong>Valors<\/strong>, que compr\u00e8n tots els axiomes fonamentals de l'Escoltisme;<\/li>\n<li>L' <b>Entorn i creences<\/b>, que engloben elements \u00e8tics, c\u00edvics i humanistes presents en el nostre context sociocultural.<\/li>\n<\/ul>\t\t\t\t\t\t\t\t<\/div>\n\t\t\t\t<\/div>\n\t\t\t\t<\/div>\n\t\t\t\t\t<\/div>\n\t\t\t\t<\/div>\n\t\t<div class=\"elementor-element elementor-element-4011d2b e-flex e-con-boxed wpr-particle-no wpr-jarallax-no wpr-parallax-no wpr-sticky-section-no wpr-equal-height-no e-con e-parent\" data-id=\"4011d2b\" data-element_type=\"container\" data-e-type=\"container\">\n\t\t\t\t\t<div class=\"e-con-inner\">\n\t\t\t\t<div class=\"elementor-element elementor-element-0daacbd elementor-widget elementor-widget-heading\" data-id=\"0daacbd\" data-element_type=\"widget\" data-e-type=\"widget\" data-widget_type=\"heading.default\">\n\t\t\t\t<div class=\"elementor-widget-container\">\n\t\t\t\t\t<h3 class=\"elementor-heading-title elementor-size-default\">En vols saber m\u00e9s? Consulta el Programa Educatiu<\/h3>\t\t\t\t<\/div>\n\t\t\t\t<\/div>\n\t\t\t\t\t<\/div>\n\t\t\t\t<\/div>\n\t\t<div class=\"elementor-element elementor-element-fc659d6 e-grid e-con-boxed wpr-particle-no wpr-jarallax-no wpr-parallax-no wpr-sticky-section-no wpr-equal-height-no e-con e-parent\" data-id=\"fc659d6\" data-element_type=\"container\" data-e-type=\"container\">\n\t\t\t\t\t<div class=\"e-con-inner\">\n\t\t\t\t<div class=\"elementor-element elementor-element-b06a4ec elementor-widget elementor-widget-image\" data-id=\"b06a4ec\" data-element_type=\"widget\" data-e-type=\"widget\" data-widget_type=\"image.default\">\n\t\t\t\t<div class=\"elementor-widget-container\">\n\t\t\t\t\t\t\t\t\t\t\t\t<figure class=\"wp-caption\">\n\t\t\t\t\t\t\t\t\t\t\t<a href=\"https:\/\/issuu.com\/scout_es\/docs\/programa_educativo_scouts_de_espan_\">\n\t\t\t\t\t\t\t<img loading=\"lazy\" decoding=\"async\" width=\"340\" height=\"480\" src=\"https:\/\/scoutsonda163.org\/wp-content\/uploads\/2024\/08\/programa-educativo-scouts.webp\" class=\"attachment-large size-large wp-image-1178\" alt=\"\" srcset=\"https:\/\/scoutsonda163.org\/wp-content\/uploads\/2024\/08\/programa-educativo-scouts.webp 340w, https:\/\/scoutsonda163.org\/wp-content\/uploads\/2024\/08\/programa-educativo-scouts-213x300.webp 213w, https:\/\/scoutsonda163.org\/wp-content\/uploads\/2024\/08\/programa-educativo-scouts-9x12.webp 9w\" sizes=\"(max-width: 340px) 100vw, 340px\" \/>\t\t\t\t\t\t\t\t<\/a>\n\t\t\t\t\t\t\t\t\t\t\t<figcaption class=\"widget-image-caption wp-caption-text\">Programa scouts valencians<\/figcaption>\n\t\t\t\t\t\t\t\t\t\t<\/figure>\n\t\t\t\t\t\t\t\t\t<\/div>\n\t\t\t\t<\/div>\n\t\t\t\t\t<\/div>\n\t\t\t\t<\/div>\n\t\t\t\t<\/div>","protected":false},"excerpt":{"rendered":"<p>Programa educativo El m\u00e9todo educativo scout consiste en, a trav\u00e9s de actividades de tiempo libre, educar en valores, que se traducen en cuatro compromisos concretamente: Compromiso social; Compromiso ambiental; Compromiso para la salud; Compromiso espiritual.\u00a0 Estos compromisos se traducen, a su vez, en objetivos concretos, cuyos contenidos var\u00edan en funci\u00f3n de la etapa educativa (secci\u00f3n) en la que se encuentre el\/la ni\u00f1o\/a o adolescente. El m\u00e9todo scout Compromiso social El compromiso social se entiende como el comportamiento de servicio para con la sociedad y otras personas, y comprende: Normas c\u00edvicas, sociales y de convivencia; Voluntariado y cooperaci\u00f3n; Autonom\u00eda, iniciativa y responsabilidad personal; Habilidades sociales; Educaci\u00f3n vial; Educaci\u00f3n para la igualdad de oportunidades; Orientaci\u00f3n acad\u00e9mica e inserci\u00f3n laboral; Tecnolog\u00edas de la informaci\u00f3n y la comunicaci\u00f3n. Compromiso ambiental La vida en la naturaleza es uno de los pilares del m\u00e9todo scout, por lo que este compromiso abarca: Conocimiento del entorno que nos rodea y los elementos que forman parte de \u00e9l; Educaci\u00f3n ambiental, generando actitudes de respeto, cuidado y protecci\u00f3n del entorno, promoviendo un acercamiento afectivo al mismo; T\u00e9cnicas scout que se realizan al aire libre como campismo, cabuyer\u00eda, construcciones&#8230; como modelo de integraci\u00f3n con la naturaleza. Compromiso con la salud: Desde una perspectiva amplia de la salud y plante\u00e1ndola desde la prevefnci\u00f3n y la promoci\u00f3n de h\u00e1bitos saludables, comprende: El aprendizaje de recursos y el desarrollo de actitudes que permitan mantener un equilibrio mental y lograr la gesti\u00f3n adecuada de las emociones y los sentimientos; El desarrollo de una autoestima y un autoconcepto saludables, a la vez que realistas; La promoci\u00f3n de actividades saludables con las que ocupar su tiempo libre; La adquisici\u00f3n de h\u00e1bitos de higiene y alimentaci\u00f3n saludable que se trabajen de manera estable a lo largo de los a\u00f1os. Compromiso espiritual: Entendido que este puede manifestarse tanto con principios \u00e9ticos y morales como con creencias religiosas, siendo su m\u00e1ximo exponente la Promesa y la Ley Scout. Este compromiso implica tres bloques: La&nbsp;Persona, que incluye objetivos, contenidos y criterios vinculados con al construcci\u00f3n de la propia personalidad; Los&nbsp;Valores, que comprende todos los axiomas fundamentales del Escultismo; El Entorno y creencias, que engloban elementos \u00e9ticos, c\u00edvicos y humanistas presentes en nuestro contexto sociocultural. \u00bfQuieres saber m\u00e1s? Consulta el Programa Educativo Programa scouts valencians<\/p>","protected":false},"author":1,"featured_media":1224,"parent":0,"menu_order":0,"comment_status":"closed","ping_status":"closed","template":"","meta":{"_themeisle_gutenberg_block_has_review":false,"footnotes":""},"class_list":["post-307","page","type-page","status-publish","has-post-thumbnail","hentry"],"jetpack_sharing_enabled":true,"_links":{"self":[{"href":"https:\/\/scoutsonda163.org\/ca\/wp-json\/wp\/v2\/pages\/307","targetHints":{"allow":["GET"]}}],"collection":[{"href":"https:\/\/scoutsonda163.org\/ca\/wp-json\/wp\/v2\/pages"}],"about":[{"href":"https:\/\/scoutsonda163.org\/ca\/wp-json\/wp\/v2\/types\/page"}],"author":[{"embeddable":true,"href":"https:\/\/scoutsonda163.org\/ca\/wp-json\/wp\/v2\/users\/1"}],"replies":[{"embeddable":true,"href":"https:\/\/scoutsonda163.org\/ca\/wp-json\/wp\/v2\/comments?post=307"}],"version-history":[{"count":16,"href":"https:\/\/scoutsonda163.org\/ca\/wp-json\/wp\/v2\/pages\/307\/revisions"}],"predecessor-version":[{"id":1187,"href":"https:\/\/scoutsonda163.org\/ca\/wp-json\/wp\/v2\/pages\/307\/revisions\/1187"}],"wp:featuredmedia":[{"embeddable":true,"href":"https:\/\/scoutsonda163.org\/ca\/wp-json\/wp\/v2\/media\/1224"}],"wp:attachment":[{"href":"https:\/\/scoutsonda163.org\/ca\/wp-json\/wp\/v2\/media?parent=307"}],"curies":[{"name":"wp","href":"https:\/\/api.w.org\/{rel}","templated":true}]}}