{"id":297,"date":"2024-06-28T21:08:12","date_gmt":"2024-06-28T21:08:12","guid":{"rendered":"https:\/\/scoutsonda163.org\/?page_id=297"},"modified":"2024-09-24T18:17:40","modified_gmt":"2024-09-24T18:17:40","slug":"equipo","status":"publish","type":"page","link":"https:\/\/scoutsonda163.org\/ca\/equipo\/","title":{"rendered":"EQUIP"},"content":{"rendered":"<div data-elementor-type=\"wp-page\" data-elementor-id=\"297\" class=\"elementor elementor-297\" data-elementor-post-type=\"page\">\n\t\t\t\t<div class=\"elementor-element elementor-element-ce798b6 e-flex e-con-boxed wpr-particle-no wpr-jarallax-no wpr-parallax-no wpr-sticky-section-no wpr-equal-height-no e-con e-parent\" data-id=\"ce798b6\" data-element_type=\"container\" data-e-type=\"container\">\n\t\t\t\t\t<div class=\"e-con-inner\">\n\t\t\t\t<div class=\"elementor-element elementor-element-7ef2c3d elementor-widget elementor-widget-heading\" data-id=\"7ef2c3d\" data-element_type=\"widget\" data-e-type=\"widget\" data-widget_type=\"heading.default\">\n\t\t\t\t<div class=\"elementor-widget-container\">\n\t\t\t\t\t<h2 class=\"elementor-heading-title elementor-size-default\">El nostre equip<\/h2>\t\t\t\t<\/div>\n\t\t\t\t<\/div>\n\t\t\t\t\t<\/div>\n\t\t\t\t<\/div>\n\t\t<div class=\"elementor-element elementor-element-bc936e7 e-flex e-con-boxed wpr-particle-no wpr-jarallax-no wpr-parallax-no wpr-sticky-section-no wpr-equal-height-no e-con e-parent\" data-id=\"bc936e7\" data-element_type=\"container\" data-e-type=\"container\">\n\t\t\t\t\t<div class=\"e-con-inner\">\n\t\t\t\t<div class=\"elementor-element elementor-element-2a33e00 elementor-widget elementor-widget-text-editor\" data-id=\"2a33e00\" data-element_type=\"widget\" data-e-type=\"widget\" data-widget_type=\"text-editor.default\">\n\t\t\t\t<div class=\"elementor-widget-container\">\n\t\t\t\t\t\t\t\t\t<p>El nostre equip est\u00e0 format per un grup de persones volunt\u00e0ries que, amb el seu esfor\u00e7, dedicaci\u00f3 i comprom\u00eds, fan possible la nostra activitat.<\/p><p>Dins l'equip ens dividim entre la <b>Junta Directiva<\/b>, que \u00e9s qui gestiona el grup a nivell organitzatiu, i el <b>Kraal<\/b>, que s\u00f3n els i les scouters que desenvolupen les activitats que realitzen els\/les educands\/es.<\/p>\t\t\t\t\t\t\t\t<\/div>\n\t\t\t\t<\/div>\n\t\t\t\t\t<\/div>\n\t\t\t\t<\/div>\n\t\t<div class=\"elementor-element elementor-element-31dc0a9 e-flex e-con-boxed wpr-particle-no wpr-jarallax-no wpr-parallax-no wpr-sticky-section-no wpr-equal-height-no e-con e-parent\" data-id=\"31dc0a9\" data-element_type=\"container\" data-e-type=\"container\">\n\t\t\t\t\t<div class=\"e-con-inner\">\n\t\t\t\t<div class=\"elementor-element elementor-element-90088f0 elementor-widget elementor-widget-image\" data-id=\"90088f0\" data-element_type=\"widget\" data-e-type=\"widget\" data-widget_type=\"image.default\">\n\t\t\t\t<div class=\"elementor-widget-container\">\n\t\t\t\t\t\t\t\t\t\t\t\t\t\t\t<img fetchpriority=\"high\" decoding=\"async\" width=\"1024\" height=\"768\" src=\"https:\/\/scoutsonda163.org\/wp-content\/uploads\/2024\/09\/Junta-directiva.png\" class=\"attachment-large size-large wp-image-1220\" alt=\"\" srcset=\"https:\/\/scoutsonda163.org\/wp-content\/uploads\/2024\/09\/Junta-directiva.png 1024w, https:\/\/scoutsonda163.org\/wp-content\/uploads\/2024\/09\/Junta-directiva-300x225.png 300w, https:\/\/scoutsonda163.org\/wp-content\/uploads\/2024\/09\/Junta-directiva-768x576.png 768w, https:\/\/scoutsonda163.org\/wp-content\/uploads\/2024\/09\/Junta-directiva-16x12.png 16w, https:\/\/scoutsonda163.org\/wp-content\/uploads\/2024\/09\/Junta-directiva-600x450.png 600w\" sizes=\"(max-width: 1024px) 100vw, 1024px\" \/>\t\t\t\t\t\t\t\t\t\t\t\t\t\t\t<\/div>\n\t\t\t\t<\/div>\n\t\t\t\t<div class=\"elementor-element elementor-element-0b1dcb6 elementor-widget elementor-widget-text-editor\" data-id=\"0b1dcb6\" data-element_type=\"widget\" data-e-type=\"widget\" data-widget_type=\"text-editor.default\">\n\t\t\t\t<div class=\"elementor-widget-container\">\n\t\t\t\t\t\t\t\t\t<p>Dins del Kraal de Scouters trobem les diferents seccions, on sempre hi ha la figura de Coordinador\/a de Secci\u00f3, que s\u00f3n els que gestionen els grups de scouters de la seva secci\u00f3.<\/p><p>Tamb\u00e9 comptem amb el nostre meravell\u00f3s<b> equip de recolzament,<\/b> que s\u00f3n scouters sense una secci\u00f3 espec\u00edfica i que col\u00b7laboren o recolzen activitats concretes, aix\u00ed com el<b> equip de cuina<\/b>, que s\u00f3n les que s'encarreguen de gestionar els men\u00fas i la cuina general quan marxem de campament.<\/p>\t\t\t\t\t\t\t\t<\/div>\n\t\t\t\t<\/div>\n\t\t\t\t<div class=\"elementor-element elementor-element-2832009 elementor-widget elementor-widget-image\" data-id=\"2832009\" data-element_type=\"widget\" data-e-type=\"widget\" data-widget_type=\"image.default\">\n\t\t\t\t<div class=\"elementor-widget-container\">\n\t\t\t\t\t\t\t\t\t\t\t\t\t\t\t<img decoding=\"async\" width=\"1024\" height=\"768\" src=\"https:\/\/scoutsonda163.org\/wp-content\/uploads\/2024\/09\/Kraal.png\" class=\"attachment-large size-large wp-image-1219\" alt=\"\" srcset=\"https:\/\/scoutsonda163.org\/wp-content\/uploads\/2024\/09\/Kraal.png 1024w, https:\/\/scoutsonda163.org\/wp-content\/uploads\/2024\/09\/Kraal-300x225.png 300w, https:\/\/scoutsonda163.org\/wp-content\/uploads\/2024\/09\/Kraal-768x576.png 768w, https:\/\/scoutsonda163.org\/wp-content\/uploads\/2024\/09\/Kraal-16x12.png 16w, https:\/\/scoutsonda163.org\/wp-content\/uploads\/2024\/09\/Kraal-600x450.png 600w\" sizes=\"(max-width: 1024px) 100vw, 1024px\" \/>\t\t\t\t\t\t\t\t\t\t\t\t\t\t\t<\/div>\n\t\t\t\t<\/div>\n\t\t\t\t\t<\/div>\n\t\t\t\t<\/div>\n\t\t<div class=\"elementor-element elementor-element-ff531c3 e-flex e-con-boxed wpr-particle-no wpr-jarallax-no wpr-parallax-no wpr-sticky-section-no wpr-equal-height-no e-con e-parent\" data-id=\"ff531c3\" data-element_type=\"container\" data-e-type=\"container\">\n\t\t\t\t\t<div class=\"e-con-inner\">\n\t\t\t\t<div class=\"elementor-element elementor-element-130e511 elementor-widget elementor-widget-heading\" data-id=\"130e511\" data-element_type=\"widget\" data-e-type=\"widget\" data-widget_type=\"heading.default\">\n\t\t\t\t<div class=\"elementor-widget-container\">\n\t\t\t\t\t<h4 class=\"elementor-heading-title elementor-size-default\">Altres responsabilitats:<\/h4>\t\t\t\t<\/div>\n\t\t\t\t<\/div>\n\t\t\t\t\t<\/div>\n\t\t\t\t<\/div>\n\t\t<div class=\"elementor-element elementor-element-2bb6b66 e-flex e-con-boxed wpr-particle-no wpr-jarallax-no wpr-parallax-no wpr-sticky-section-no wpr-equal-height-no e-con e-parent\" data-id=\"2bb6b66\" data-element_type=\"container\" data-e-type=\"container\">\n\t\t\t\t\t<div class=\"e-con-inner\">\n\t\t\t\t<div class=\"elementor-element elementor-element-59bef5e elementor-widget elementor-widget-text-editor\" data-id=\"59bef5e\" data-element_type=\"widget\" data-e-type=\"widget\" data-widget_type=\"text-editor.default\">\n\t\t\t\t<div class=\"elementor-widget-container\">\n\t\t\t\t\t\t\t\t\t<p>A m\u00e9s dels c\u00e0rrecs institucionals, a nivell organitzatiu alguns\/es dels nostres scouters tenen responsabilitats espec\u00edfiques, com:<\/p>\n<ul>\n<li>Salvador Olucha: Responsable LOPIVI (Llei Integral de Protecci\u00f3 a la Inf\u00e0ncia i l'Adolesc\u00e8ncia davant de la Viol\u00e8ncia) i Protecci\u00f3 de Dades.<\/li>\n<li>Sara Renovell: Responsable de formaci\u00f3 d'scouters.<\/li>\n<li>Ana L\u00f3pez: Responsable Kotik (Prevenci\u00f3 de Riscos a les Activitats d'Oci i Temps Lliure).<\/li>\n<li>Clara Gimeno: Responsable de sostenibilitat \u2013 Agenda 2030.<\/li>\n<li>Marta Rubio: Responsable d\u00b4uniformitat.<\/li>\n<li>Jos\u00e9 Olucha: Responsable de log\u00edstica.<\/li>\n<li>Salvador Castany: Responsable ling\u00fc\u00edstic (valenci\u00e0).&nbsp;<\/li>\n<li>J\u00falia Casta\u00f1, Marta Rubio i Jos\u00e9 Olucha: Responsables d'intend\u00e8ncia i local.<\/li><li>Gema Fortes: Dinamitzadora del Kraal.<\/li><li>Mar Aguilella i Ana L\u00f3pez: Responsables de gesti\u00f3 de la web.<\/li><li>Rosa Feliu: Responsable de farmacioles.<\/li>\n<\/ul>\t\t\t\t\t\t\t\t<\/div>\n\t\t\t\t<\/div>\n\t\t\t\t\t<\/div>\n\t\t\t\t<\/div>\n\t\t\t\t<\/div>","protected":false},"excerpt":{"rendered":"<p>Nuestro equipo Nuestro equipo est\u00e1 formado por un grupo de personas voluntarias que, con su esfuerzo, dedicaci\u00f3n y compromiso hacen posible nuestra actividad. Dentro del equipo nos dividimos entre la Junta Directiva, que es quien gestiona el grupo a nivel organizativo, y el Kraal, que son los y las scouters que desarrollan las actividades que realizan los\/as educandos\/as. Dentro del Kraal de Scouters encontramos las diferentes secciones, donde siempre existe la figura de Coordinador\/a de Secci\u00f3n, que son quienes gestionan los grupos de scouters de su secci\u00f3n. Tambi\u00e9n contamos con nuestro maravilloso equipo de apoyo, que son scouters sin una secci\u00f3n espec\u00edfica y que colaboran o respaldan actividades espec\u00edficas, as\u00ed como el equipo de cocina, que son quienes se encargan de gestionar los men\u00fas y la cocina general cuando nos vamos de campamento. Otras responsabilidades: Adem\u00e1s de los cargos institucionales, a nivel organizativo algunos\/as de nuestros\/as scouters tienen responsabilidades espec\u00edficas, como: Salvador Olucha: Responsable LOPIVI (Ley Integral de Protecci\u00f3n a la Infancia y la Adolescencia frente a la Violencia) y Protecci\u00f3n de Datos. Sara Renovell: Responsable de formaci\u00f3n de scouters. Ana L\u00f3pez: Responsable Kotik (Prevenci\u00f3n de Riesgos en las Actividades de Ocio y Tiempo Libre). Clara Gimeno: Responsable de sostenibilidad &#8211; Agenda 2030. Marta Rubio: Responsable de uniformidad. Jos\u00e9 Olucha: Responsable de log\u00edstica. Salvador Castany: Responsable ling\u00fc\u00edstico (valenciano).&nbsp; J\u00falia Casta\u00f1, Marta Rubio y Jos\u00e9 Olucha: Responsables de intendencia y local. Gema Fortes: Dinamizadora del Kraal. Mar Aguilella y Ana L\u00f3pez: Responsables de gesti\u00f3n de la web. Rosa Feliu: Responsable de botiquines.<\/p>","protected":false},"author":1,"featured_media":1218,"parent":0,"menu_order":0,"comment_status":"closed","ping_status":"closed","template":"","meta":{"_themeisle_gutenberg_block_has_review":false,"footnotes":""},"class_list":["post-297","page","type-page","status-publish","has-post-thumbnail","hentry"],"jetpack_sharing_enabled":true,"_links":{"self":[{"href":"https:\/\/scoutsonda163.org\/ca\/wp-json\/wp\/v2\/pages\/297","targetHints":{"allow":["GET"]}}],"collection":[{"href":"https:\/\/scoutsonda163.org\/ca\/wp-json\/wp\/v2\/pages"}],"about":[{"href":"https:\/\/scoutsonda163.org\/ca\/wp-json\/wp\/v2\/types\/page"}],"author":[{"embeddable":true,"href":"https:\/\/scoutsonda163.org\/ca\/wp-json\/wp\/v2\/users\/1"}],"replies":[{"embeddable":true,"href":"https:\/\/scoutsonda163.org\/ca\/wp-json\/wp\/v2\/comments?post=297"}],"version-history":[{"count":4,"href":"https:\/\/scoutsonda163.org\/ca\/wp-json\/wp\/v2\/pages\/297\/revisions"}],"predecessor-version":[{"id":1223,"href":"https:\/\/scoutsonda163.org\/ca\/wp-json\/wp\/v2\/pages\/297\/revisions\/1223"}],"wp:featuredmedia":[{"embeddable":true,"href":"https:\/\/scoutsonda163.org\/ca\/wp-json\/wp\/v2\/media\/1218"}],"wp:attachment":[{"href":"https:\/\/scoutsonda163.org\/ca\/wp-json\/wp\/v2\/media?parent=297"}],"curies":[{"name":"wp","href":"https:\/\/api.w.org\/{rel}","templated":true}]}}