{"id":296,"date":"2024-06-28T21:08:00","date_gmt":"2024-06-28T21:08:00","guid":{"rendered":"https:\/\/scoutsonda163.org\/?page_id=296"},"modified":"2025-12-22T15:56:12","modified_gmt":"2025-12-22T15:56:12","slug":"historia-del-grupo","status":"publish","type":"page","link":"https:\/\/scoutsonda163.org\/ca\/historia-del-grupo\/","title":{"rendered":"HIST\u00d2RIA DEL GRUP"},"content":{"rendered":"<div data-elementor-type=\"wp-page\" data-elementor-id=\"296\" class=\"elementor elementor-296\" data-elementor-post-type=\"page\">\n\t\t\t\t<div class=\"elementor-element elementor-element-72d1bb3 e-flex e-con-boxed wpr-particle-no wpr-jarallax-no wpr-parallax-no wpr-sticky-section-no wpr-equal-height-no e-con e-parent\" data-id=\"72d1bb3\" data-element_type=\"container\" data-e-type=\"container\">\n\t\t\t\t\t<div class=\"e-con-inner\">\n\t\t\t\t<div class=\"elementor-element elementor-element-847d7d0 elementor-widget elementor-widget-heading\" data-id=\"847d7d0\" data-element_type=\"widget\" data-e-type=\"widget\" data-widget_type=\"heading.default\">\n\t\t\t\t<div class=\"elementor-widget-container\">\n\t\t\t\t\t<h2 class=\"elementor-heading-title elementor-size-default\">Hist\u00f2ria del grup<\/h2>\t\t\t\t<\/div>\n\t\t\t\t<\/div>\n\t\t\t\t\t<\/div>\n\t\t\t\t<\/div>\n\t\t<div class=\"elementor-element elementor-element-415b79f e-flex e-con-boxed wpr-particle-no wpr-jarallax-no wpr-parallax-no wpr-sticky-section-no wpr-equal-height-no e-con e-parent\" data-id=\"415b79f\" data-element_type=\"container\" data-e-type=\"container\">\n\t\t\t\t\t<div class=\"e-con-inner\">\n\t\t\t\t<div class=\"elementor-element elementor-element-0589d1b elementor-widget elementor-widget-text-editor\" data-id=\"0589d1b\" data-element_type=\"widget\" data-e-type=\"widget\" data-widget_type=\"text-editor.default\">\n\t\t\t\t<div class=\"elementor-widget-container\">\n\t\t\t\t\t\t\t\t\t<table><tbody><tr><td><p><span style=\"font-weight: 400;\">El Grup Scout \u201cSant\u00edssim Salvador\u201d d'Onda va ser fundat pels Pares Carmelites, del Col\u00b7legi-Parr\u00f2quia Verge del Carme el 1971, per donar resposta a activitats de lleure i temps lliure, sempre amb un car\u00e0cter educatiu, de l'alumnat d'aquest col\u00b7legi.\u00a0<\/span><\/p><p>\u00a0<\/p><p><span style=\"font-weight: 400;\">El nom del grup, \u201cSant\u00edssim Salvador\u201d correspon al patr\u00f3 de la nostra localitat, Onda, i els colors de la nostra mocador (roig i groc) corresponen al mantell d'aquest patr\u00f3 local.<\/span><\/p><p>\u00a0<\/p><p><span style=\"font-weight: 400;\">Des d'aquest patronat, i gr\u00e0cies tamb\u00e9 a la intervenci\u00f3 d'alguns pares i mares de l'alumnat de l'escola, van fer n\u00e9ixer i cr\u00e9ixer el grup, que posteriorment comen\u00e7aria a integrar altres infants d'altres escoles. Inicialment el grup tenia \u00fanicament les seccions de Estol, Tropa i Clan, i posteriorment es van anar creant la unitat Escolta i la secci\u00f3 de Castors, el 1990. Aquesta \u00faltima, principalment pels\/les germans\/es menors dels\/de les integrants del grup , aix\u00ed com els\/les fills\/es de les mares que venien de cuina als campaments.<\/span><\/p><p>\u00a0<\/p><p><span style=\"font-weight: 400;\">Inicialment el grup tenia \u00fanicament pres\u00e8ncia masculina, per\u00f2 progressivament es van anar incorporant nenes i dones tamb\u00e9 a l'agrupaci\u00f3, creant les primeres patrulles mixtes el 1992. De la mateixa manera, en n\u00e9ixer dins del si d'un col\u00b7legi religi\u00f3s, el grup tenia aquest car\u00e0cter cat\u00f2lic per\u00f2 es va convertir en una associaci\u00f3 laica el 1999.<\/span><\/p><\/td><\/tr><\/tbody><\/table>\t\t\t\t\t\t\t\t<\/div>\n\t\t\t\t<\/div>\n\t\t\t\t\t<\/div>\n\t\t\t\t<\/div>\n\t\t<div class=\"elementor-element elementor-element-1331b8a e-flex e-con-boxed wpr-particle-no wpr-jarallax-no wpr-parallax-no wpr-sticky-section-no wpr-equal-height-no e-con e-parent\" data-id=\"1331b8a\" data-element_type=\"container\" data-e-type=\"container\">\n\t\t\t\t\t<div class=\"e-con-inner\">\n\t\t\t\t<div class=\"elementor-element elementor-element-b1c3761 elementor-widget elementor-widget-image\" data-id=\"b1c3761\" data-element_type=\"widget\" data-e-type=\"widget\" data-widget_type=\"image.default\">\n\t\t\t\t<div class=\"elementor-widget-container\">\n\t\t\t\t\t\t\t\t\t\t\t\t\t\t\t<img fetchpriority=\"high\" decoding=\"async\" width=\"1024\" height=\"700\" src=\"https:\/\/scoutsonda163.org\/wp-content\/uploads\/2024\/09\/Grupo-1024x700.jpg\" class=\"attachment-large size-large wp-image-1210\" alt=\"\" srcset=\"https:\/\/scoutsonda163.org\/wp-content\/uploads\/2024\/09\/Grupo-1024x700.jpg 1024w, https:\/\/scoutsonda163.org\/wp-content\/uploads\/2024\/09\/Grupo-300x205.jpg 300w, https:\/\/scoutsonda163.org\/wp-content\/uploads\/2024\/09\/Grupo-768x525.jpg 768w, https:\/\/scoutsonda163.org\/wp-content\/uploads\/2024\/09\/Grupo-18x12.jpg 18w, https:\/\/scoutsonda163.org\/wp-content\/uploads\/2024\/09\/Grupo-600x410.jpg 600w, https:\/\/scoutsonda163.org\/wp-content\/uploads\/2024\/09\/Grupo.jpg 1501w\" sizes=\"(max-width: 1024px) 100vw, 1024px\" \/>\t\t\t\t\t\t\t\t\t\t\t\t\t\t\t<\/div>\n\t\t\t\t<\/div>\n\t\t\t\t\t<\/div>\n\t\t\t\t<\/div>\n\t\t<div class=\"elementor-element elementor-element-06cf035 e-flex e-con-boxed wpr-particle-no wpr-jarallax-no wpr-parallax-no wpr-sticky-section-no wpr-equal-height-no e-con e-parent\" data-id=\"06cf035\" data-element_type=\"container\" data-e-type=\"container\">\n\t\t\t\t\t<div class=\"e-con-inner\">\n\t\t\t\t<div class=\"elementor-element elementor-element-1ea4b65 elementor-widget elementor-widget-text-editor\" data-id=\"1ea4b65\" data-element_type=\"widget\" data-e-type=\"widget\" data-widget_type=\"text-editor.default\">\n\t\t\t\t<div class=\"elementor-widget-container\">\n\t\t\t\t\t\t\t\t\t<p>Actualment som un grup de 130 joves i adults entre 6 i 51 anys. El grup compta amb un equip (Kraal) de 23 educadors\/es Scouts (Scouters) i la Junta Directiva composta per 10 persones entre scouters, pares i mares.<\/p><p><br \/>Desenvolupem la nostra activitat al nostre local situat al carrer Ceramista Abad, 2 d'Onda.<\/p><p><br \/>Formem part de Scouts Valencians \u2013 Federaci\u00f3 d\u2019Escoltisme de Val\u00e8ncia, Castell\u00f3 i Alacant, amb uns 4.000 membres en 41 grups repartits per tota la Comunitat Valenciana i membre d\u2019ASDE Scouts d\u2019Espanya. El Grup Scout Sant\u00edssim Salvador 163 fa m\u00e9s de 50 anys que desenvolupa la seva tasca educativa amb els\/les joves, gr\u00e0cies a l'esfor\u00e7 voluntari i desinteressat de l'equip de Scouters (Kraal).<\/p>\t\t\t\t\t\t\t\t<\/div>\n\t\t\t\t<\/div>\n\t\t\t\t\t<\/div>\n\t\t\t\t<\/div>\n\t\t<div class=\"elementor-element elementor-element-ccc17c1 e-flex e-con-boxed wpr-particle-no wpr-jarallax-no wpr-parallax-no wpr-sticky-section-no wpr-equal-height-no e-con e-parent\" data-id=\"ccc17c1\" data-element_type=\"container\" data-e-type=\"container\">\n\t\t\t\t\t<div class=\"e-con-inner\">\n\t\t\t\t<div class=\"elementor-element elementor-element-0b2c1a4 elementor-widget elementor-widget-video\" data-id=\"0b2c1a4\" data-element_type=\"widget\" data-e-type=\"widget\" data-settings=\"{&quot;video_type&quot;:&quot;hosted&quot;,&quot;start&quot;:0,&quot;autoplay&quot;:&quot;yes&quot;,&quot;loop&quot;:&quot;yes&quot;,&quot;controls&quot;:&quot;yes&quot;}\" data-widget_type=\"video.default\">\n\t\t\t\t<div class=\"elementor-widget-container\">\n\t\t\t\t\t\t\t<div class=\"e-hosted-video elementor-wrapper elementor-open-inline\">\n\t\t\t\t\t<video class=\"elementor-video\" src=\"https:\/\/1drv.ms\/v\/s!Aj8S0cH6LPBbgsN0nsgkvqIp8ETnlQ?e=fhYHUr\" autoplay=\"\" loop=\"\" controls=\"\" controlslist=\"nodownload\"><\/video>\n\t\t\t\t<\/div>\n\t\t\t\t\t\t<\/div>\n\t\t\t\t<\/div>\n\t\t\t\t\t<\/div>\n\t\t\t\t<\/div>\n\t\t\t\t<\/div>","protected":false},"excerpt":{"rendered":"<p>Historia del grupo El Grupo Scout \u201cSant\u00edsimo Salvador\u201d de Onda fue fundado por los Padres Carmelitas, del Colegio-Parroquia Virgen del Carmen en 1971, para dar respuesta a actividades de ocio y tiempo libre, siempre con un car\u00e1cter educativo, del alumnado de dicho colegio.\u00a0 \u00a0 El nombre del grupo, \u201cSant\u00edssimo Salvador\u201d corresponde al patr\u00f3n de nuestra localidad, Onda, y\u00a0 los colores de nuestra pa\u00f1oleta (rojo y amarillo) corresponden al manto de dicho patr\u00f3n local. \u00a0 Desde este patronato, y gracias tambi\u00e9n a la intervenci\u00f3n de algunos padres y madres del alumnado del colegio, hicieron nacer y crecer al grupo, que posteriormente empezar\u00eda a integrar a otros ni\u00f1os\/as de otros colegios. Inicialmente el grupo ten\u00eda \u00fanicamente las secciones de Manada, Tropa y Clan, y posteriormente se fueron creando la unidad Esculta y la secci\u00f3n de Castores, en 1990. Esta \u00faltima, principalmente por los\/as hermanos\/as menores de los\/as integrantes del grupo, as\u00ed como los\/as hijos\/as de las madres que ven\u00edan de cocina en los campamento. \u00a0 Inicialmente el grupo ten\u00eda \u00fanicamente presencia masculina, pero progresivamente se fueron incorporando ni\u00f1as y mujeres tambi\u00e9n en la agrupaci\u00f3n, creando las primeras patrullas mixtas en 1992. Del mismo modo, al nacer dentro del seno de un colegio religioso, el grupo ten\u00eda dicho car\u00e1cter cat\u00f3lico pero se convirti\u00f3 en una asociaci\u00f3n laica en 1999. Actualmente somos un grupo de 130 j\u00f3venes y adultos de entre 6 y 51 a\u00f1os. El grupo cuenta con un equipo (Kraal) de 23 educadores\/as Scouts (Scouters) y la Junta Directiva compuesta por 10 personas entre Scouters, padres y madres. Desarrollamos nuestra actividad en nuestro local situado en la calle Ceramista Abad, 2 de Onda. Formamos parte de Scouts Valencians \u2013 Federaci\u00f3 d\u2019Escoltisme de Val\u00e8ncia, Castell\u00f3 i Alacant, con unos 4.000 miembros en 41 grupos repartidos por toda la Comunidad Valenciana y miembro de ASDE Scouts de Espa\u00f1a. El Grupo Scout Sant\u00edssim Salvador 163 lleva m\u00e1s de 50 a\u00f1os desarrollando su labor educativa con los\/las j\u00f3venes, gracias al esfuerzo voluntario y desinteresado del equipo de Scouters (Kraal). https:\/\/1drv.ms\/v\/s!Aj8S0cH6LPBbgsN0nsgkvqIp8ETnlQ?e=fhYHUr<\/p>","protected":false},"author":1,"featured_media":1207,"parent":0,"menu_order":0,"comment_status":"closed","ping_status":"closed","template":"","meta":{"_themeisle_gutenberg_block_has_review":false,"footnotes":""},"class_list":["post-296","page","type-page","status-publish","has-post-thumbnail","hentry"],"jetpack_sharing_enabled":true,"_links":{"self":[{"href":"https:\/\/scoutsonda163.org\/ca\/wp-json\/wp\/v2\/pages\/296","targetHints":{"allow":["GET"]}}],"collection":[{"href":"https:\/\/scoutsonda163.org\/ca\/wp-json\/wp\/v2\/pages"}],"about":[{"href":"https:\/\/scoutsonda163.org\/ca\/wp-json\/wp\/v2\/types\/page"}],"author":[{"embeddable":true,"href":"https:\/\/scoutsonda163.org\/ca\/wp-json\/wp\/v2\/users\/1"}],"replies":[{"embeddable":true,"href":"https:\/\/scoutsonda163.org\/ca\/wp-json\/wp\/v2\/comments?post=296"}],"version-history":[{"count":13,"href":"https:\/\/scoutsonda163.org\/ca\/wp-json\/wp\/v2\/pages\/296\/revisions"}],"predecessor-version":[{"id":1253,"href":"https:\/\/scoutsonda163.org\/ca\/wp-json\/wp\/v2\/pages\/296\/revisions\/1253"}],"wp:featuredmedia":[{"embeddable":true,"href":"https:\/\/scoutsonda163.org\/ca\/wp-json\/wp\/v2\/media\/1207"}],"wp:attachment":[{"href":"https:\/\/scoutsonda163.org\/ca\/wp-json\/wp\/v2\/media?parent=296"}],"curies":[{"name":"wp","href":"https:\/\/api.w.org\/{rel}","templated":true}]}}