{"id":210,"date":"2024-06-27T17:59:29","date_gmt":"2024-06-27T17:59:29","guid":{"rendered":"https:\/\/scoutsonda163.org\/?page_id=210"},"modified":"2024-07-02T07:15:39","modified_gmt":"2024-07-02T07:15:39","slug":"politica-de-cookies","status":"publish","type":"page","link":"https:\/\/scoutsonda163.org\/ca\/politica-de-cookies\/","title":{"rendered":"Pol\u00edtica de cookies"},"content":{"rendered":"<div data-elementor-type=\"wp-page\" data-elementor-id=\"210\" class=\"elementor elementor-210\" data-elementor-post-type=\"page\">\n\t\t\t\t<div class=\"elementor-element elementor-element-bcea837 e-flex e-con-boxed wpr-particle-no wpr-jarallax-no wpr-parallax-no wpr-sticky-section-no wpr-equal-height-no e-con e-parent\" data-id=\"bcea837\" data-element_type=\"container\" data-e-type=\"container\">\n\t\t\t\t\t<div class=\"e-con-inner\">\n\t\t\t\t<div class=\"elementor-element elementor-element-a10fe2e elementor-widget elementor-widget-heading\" data-id=\"a10fe2e\" data-element_type=\"widget\" data-e-type=\"widget\" data-widget_type=\"heading.default\">\n\t\t\t\t<div class=\"elementor-widget-container\">\n\t\t\t\t\t<h2 class=\"elementor-heading-title elementor-size-default\">Pol\u00edtica de cookies.<\/h2>\t\t\t\t<\/div>\n\t\t\t\t<\/div>\n\t\t\t\t<div class=\"elementor-element elementor-element-605d435 elementor-widget elementor-widget-text-editor\" data-id=\"605d435\" data-element_type=\"widget\" data-e-type=\"widget\" data-widget_type=\"text-editor.default\">\n\t\t\t\t<div class=\"elementor-widget-container\">\n\t\t\t\t\t\t\t\t\t<p style=\"margin-top: 0px; margin-bottom: 1rem; color: #333333; font-family: Verdana, sans-serif; font-size: 14px; text-align: justify;\">En www.scoutsonda163.org utilizamos cookies propias y de terceros para obtener datos de navegaci\u00f3n de nuestros usuarios y as\u00ed poder ofrecer y mejorar nuestros servicios, proporcionar una mejor experiencia de navegaci\u00f3n e identificar los problemas t\u00e9cnicos que puedan surgir en la Web. Asimismo, en caso de que usted preste su consentimiento a trav\u00e9s de su navegaci\u00f3n, utilizaremos cookies que nos permitan obtener m\u00e1s informaci\u00f3n sobre sus preferencias y personalizar nuestra P\u00e1gina Web con sus intereses individuales.<\/p><p style=\"margin-top: 0px; margin-bottom: 1rem; color: #333333; font-family: Verdana, sans-serif; font-size: 14px; text-align: justify;\">En cumplimiento con lo dispuesto en el art\u00edculo 22.2 de la Ley 34\/2002, de 11 de julio, de servicios de la sociedad de la informaci\u00f3n y del comercio electr\u00f3nico, esta p\u00e1gina web le informa sobre la pol\u00edtica de cookies.<\/p><h6 style=\"margin-top: 0px; margin-bottom: 0.5rem; font-weight: 500; line-height: 1.2; font-size: 1rem; color: #333333; font-family: Verdana, sans-serif; text-align: justify;\">\u00bfQu\u00e9 son las cookies?<\/h6><p style=\"margin-top: 0px; margin-bottom: 1rem; color: #333333; font-family: Verdana, sans-serif; font-size: 14px; text-align: justify;\">Las cookies son peque\u00f1os ficheros de datos que se descargan en su ordenador y otros dispositivos de comunicaciones, que almacenan informaci\u00f3n y se guardan en el navegador del usuario. Las cookies permiten a una p\u00e1gina o sitio web almacenar y recuperar informaci\u00f3n sobre los h\u00e1bitos de navegaci\u00f3n, permitiendo recordar diferentes par\u00e1metros e informaci\u00f3n sobre el usuario.<\/p><p style=\"margin-top: 0px; margin-bottom: 1rem; color: #333333; font-family: Verdana, sans-serif; font-size: 14px; text-align: justify;\">El usuario podr\u00e1 en todo momento modificar las preferencias del navegador utilizado con la finalidad de impedir la instalaci\u00f3n de dichos ficheros a la hora de consultar esta Web.<\/p><h6 style=\"margin-top: 0px; margin-bottom: 0.5rem; font-weight: 500; line-height: 1.2; font-size: 1rem; color: #333333; font-family: Verdana, sans-serif; text-align: justify;\">\u00bfQu\u00e9 tipo de cookies utiliza este Sitio Web?<\/h6><p style=\"margin-top: 0px; margin-bottom: 1rem; color: #333333; font-family: Verdana, sans-serif; font-size: 14px; text-align: justify;\">La web www.scoutsonda163.org puede utilizar servicios de terceros que recopilan informaci\u00f3n con fines estad\u00edsticos, de uso del sitio web por parte del usuario y para la prestaci\u00f3n de otros servicios relacionados con el mismo y otros servicios de internet.<\/p><h6 style=\"margin-top: 0px; margin-bottom: 0.5rem; font-weight: 500; line-height: 1.2; font-size: 1rem; color: #333333; font-family: Verdana, sans-serif; text-align: justify;\">Gesti\u00f3n de las cookies<\/h6><p style=\"margin-top: 0px; margin-bottom: 1rem; color: #333333; font-family: Verdana, sans-serif; font-size: 14px; text-align: justify;\">Usted puede permitir, bloquear o eliminar las cookies instaladas en su equipo mediante la configuraci\u00f3n de las opciones del navegador instalado en su ordenador.<\/p><h6 style=\"margin-top: 0px; margin-bottom: 0.5rem; font-weight: 500; line-height: 1.2; font-size: 1rem; color: #333333; font-family: Verdana, sans-serif; text-align: justify;\">Google Chrome:<\/h6><ul style=\"padding-left: 2rem; margin-top: 0px; margin-bottom: 1rem; color: #333333; font-family: Verdana, sans-serif; font-size: 14px; text-align: justify;\"><li>Clickamos en el icono de men\u00fa.<\/li><li>Seleccionar \u201cconfiguraci\u00f3n\u201d.<\/li><li>Seleccionar \u201cconfiguraci\u00f3n avanzada\u201d.<\/li><li>Seleccionar \u201cprivacidad\u201d.<\/li><li>Seleccionar \u201cconfiguraci\u00f3n de contenido\u201d.<\/li><li>Seleccionar la funci\u00f3n que desee:<\/li><li>Permitir que se almacenen datos locales.<\/li><li>Conservar datos locales solo hasta que salgas del navegador.<\/li><li>No permitir que se guarden datos de los sitios.<\/li><li>Bloquear los datos de sitios y las cookies de terceros.<\/li><li>Una vez seleccionado la opci\u00f3n deseada, clickar en \u201clisto\u201d.<\/li><\/ul><h6 style=\"margin-top: 0px; margin-bottom: 0.5rem; font-weight: 500; line-height: 1.2; font-size: 1rem; color: #333333; font-family: Verdana, sans-serif; text-align: justify;\">Internet Explorer:<\/h6><ul style=\"padding-left: 2rem; margin-top: 0px; margin-bottom: 1rem; color: #333333; font-family: Verdana, sans-serif; font-size: 14px; text-align: justify;\"><li>Clickamos en icono de \u201cinicio\u201d.<\/li><li>Seleccionar \u201copciones de internet\u201d en el men\u00fa \u201cherramientas\u201d.<\/li><li>Seleccionar \u201cprivacidad\u201d.<\/li><li>Seleccionar \u201cconfiguraci\u00f3n\u201d.<\/li><li>Seleccionar la opci\u00f3n que desee y clicar en \u201caceptar\u201d.<\/li><li>Microsoft Edge (Explorer 10):<\/li><li>Clickamos en el icono \u201cm\u00e1s\u201d.<\/li><li>Seleccionar \u201cconfiguraci\u00f3n\u201d.<\/li><li>Seleccionar \u201cconfiguraci\u00f3n avanzada\u201d.<\/li><li>Seleccionar \u201ccookies\u201d dentro de \u201cPrivacidad y servicios\u201d.<\/li><li>Seleccionar la opci\u00f3n que desee en el men\u00fa desplegable.<\/li><\/ul><h6 style=\"margin-top: 0px; margin-bottom: 0.5rem; font-weight: 500; line-height: 1.2; font-size: 1rem; color: #333333; font-family: Verdana, sans-serif; text-align: justify;\">Firefox:<\/h6><ul style=\"padding-left: 2rem; margin-top: 0px; margin-bottom: 1rem; color: #333333; font-family: Verdana, sans-serif; font-size: 14px; text-align: justify;\"><li>Clickamos en el icono \u201cmen\u00fa\u201d.<\/li><li>Seleccionar \u201copciones\u201d.<\/li><li>Seleccionar \u201cprivacidad\u201d.<\/li><li>Seleccionar la opci\u00f3n que desee en el men\u00fa desplegable.<\/li><\/ul><h6 style=\"margin-top: 0px; margin-bottom: 0.5rem; font-weight: 500; line-height: 1.2; font-size: 1rem; color: #333333; font-family: Verdana, sans-serif; text-align: justify;\">Safari:<\/h6><ul style=\"padding-left: 2rem; margin-top: 0px; margin-bottom: 1rem; color: #333333; font-family: Verdana, sans-serif; font-size: 14px; text-align: justify;\"><li>Clicamos en \u201csafari\u201d.<\/li><li>Seleccionar \u201cpreferencias\u201d.<\/li><li>Seleccionar \u201cprivacidad\u201d.<\/li><li>Seleccionar \u201ccookies y datos de sitios web\u201d.<\/li><li>Selecci\u00f3n la opci\u00f3n que desee entre las disponibles.<\/li><\/ul><p style=\"margin-top: 0px; margin-bottom: 1rem; color: #333333; font-family: Verdana, sans-serif; font-size: 14px; text-align: justify;\">Debe tener en cuenta que si usted elimina o bloquea todas las cookies de este Sitio Web, es posible que parte del mismo no funcione correctamente o la calidad de la P\u00e1gina Web pueda verse afectada.<\/p><p style=\"margin-top: 0px; margin-bottom: 1rem; color: #333333; font-family: Verdana, sans-serif; font-size: 14px; text-align: justify;\">Si precisa m\u00e1s informaci\u00f3n acerca de nuestra pol\u00edtica de cookies, puede contactar con nosotros a trav\u00e9s de nuestros canales de contacto. Asimismo le recomendamos que consulte las p\u00e1ginas web de soporte de cada navegador para m\u00e1s informaci\u00f3n.<\/p>\t\t\t\t\t\t\t\t<\/div>\n\t\t\t\t<\/div>\n\t\t\t\t\t<\/div>\n\t\t\t\t<\/div>\n\t\t\t\t<\/div>","protected":false},"excerpt":{"rendered":"<p>Pol\u00edtica de cookies. En www.scoutsonda163.org utilizamos cookies propias y de terceros para obtener datos de navegaci\u00f3n de nuestros usuarios y as\u00ed poder ofrecer y mejorar nuestros servicios, proporcionar una mejor experiencia de navegaci\u00f3n e identificar los problemas t\u00e9cnicos que puedan surgir en la Web. Asimismo, en caso de que usted preste su consentimiento a trav\u00e9s de su navegaci\u00f3n, utilizaremos cookies que nos permitan obtener m\u00e1s informaci\u00f3n sobre sus preferencias y personalizar nuestra P\u00e1gina Web con sus intereses individuales. En cumplimiento con lo dispuesto en el art\u00edculo 22.2 de la Ley 34\/2002, de 11 de julio, de servicios de la sociedad de la informaci\u00f3n y del comercio electr\u00f3nico, esta p\u00e1gina web le informa sobre la pol\u00edtica de cookies. \u00bfQu\u00e9 son las cookies? Las cookies son peque\u00f1os ficheros de datos que se descargan en su ordenador y otros dispositivos de comunicaciones, que almacenan informaci\u00f3n y se guardan en el navegador del usuario. Las cookies permiten a una p\u00e1gina o sitio web almacenar y recuperar informaci\u00f3n sobre los h\u00e1bitos de navegaci\u00f3n, permitiendo recordar diferentes par\u00e1metros e informaci\u00f3n sobre el usuario. El usuario podr\u00e1 en todo momento modificar las preferencias del navegador utilizado con la finalidad de impedir la instalaci\u00f3n de dichos ficheros a la hora de consultar esta Web. \u00bfQu\u00e9 tipo de cookies utiliza este Sitio Web? La web www.scoutsonda163.org puede utilizar servicios de terceros que recopilan informaci\u00f3n con fines estad\u00edsticos, de uso del sitio web por parte del usuario y para la prestaci\u00f3n de otros servicios relacionados con el mismo y otros servicios de internet. Gesti\u00f3n de las cookies Usted puede permitir, bloquear o eliminar las cookies instaladas en su equipo mediante la configuraci\u00f3n de las opciones del navegador instalado en su ordenador. Google Chrome: Clickamos en el icono de men\u00fa. Seleccionar \u201cconfiguraci\u00f3n\u201d. Seleccionar \u201cconfiguraci\u00f3n avanzada\u201d. Seleccionar \u201cprivacidad\u201d. Seleccionar \u201cconfiguraci\u00f3n de contenido\u201d. Seleccionar la funci\u00f3n que desee: Permitir que se almacenen datos locales. Conservar datos locales solo hasta que salgas del navegador. No permitir que se guarden datos de los sitios. Bloquear los datos de sitios y las cookies de terceros. Una vez seleccionado la opci\u00f3n deseada, clickar en \u201clisto\u201d. Internet Explorer: Clickamos en icono de \u201cinicio\u201d. Seleccionar \u201copciones de internet\u201d en el men\u00fa \u201cherramientas\u201d. Seleccionar \u201cprivacidad\u201d. Seleccionar \u201cconfiguraci\u00f3n\u201d. Seleccionar la opci\u00f3n que desee y clicar en \u201caceptar\u201d. Microsoft Edge (Explorer 10): Clickamos en el icono \u201cm\u00e1s\u201d. Seleccionar \u201cconfiguraci\u00f3n\u201d. Seleccionar \u201cconfiguraci\u00f3n avanzada\u201d. Seleccionar \u201ccookies\u201d dentro de \u201cPrivacidad y servicios\u201d. Seleccionar la opci\u00f3n que desee en el men\u00fa desplegable. Firefox: Clickamos en el icono \u201cmen\u00fa\u201d. Seleccionar \u201copciones\u201d. Seleccionar \u201cprivacidad\u201d. Seleccionar la opci\u00f3n que desee en el men\u00fa desplegable. Safari: Clicamos en \u201csafari\u201d. Seleccionar \u201cpreferencias\u201d. Seleccionar \u201cprivacidad\u201d. Seleccionar \u201ccookies y datos de sitios web\u201d. Selecci\u00f3n la opci\u00f3n que desee entre las disponibles. Debe tener en cuenta que si usted elimina o bloquea todas las cookies de este Sitio Web, es posible que parte del mismo no funcione correctamente o la calidad de la P\u00e1gina Web pueda verse afectada. Si precisa m\u00e1s informaci\u00f3n acerca de nuestra pol\u00edtica de cookies, puede contactar con nosotros a trav\u00e9s de nuestros canales de contacto. Asimismo le recomendamos que consulte las p\u00e1ginas web de soporte de cada navegador para m\u00e1s informaci\u00f3n.<\/p>","protected":false},"author":1,"featured_media":0,"parent":0,"menu_order":0,"comment_status":"closed","ping_status":"closed","template":"","meta":{"_themeisle_gutenberg_block_has_review":false,"footnotes":""},"class_list":["post-210","page","type-page","status-publish","hentry"],"jetpack_sharing_enabled":true,"_links":{"self":[{"href":"https:\/\/scoutsonda163.org\/ca\/wp-json\/wp\/v2\/pages\/210","targetHints":{"allow":["GET"]}}],"collection":[{"href":"https:\/\/scoutsonda163.org\/ca\/wp-json\/wp\/v2\/pages"}],"about":[{"href":"https:\/\/scoutsonda163.org\/ca\/wp-json\/wp\/v2\/types\/page"}],"author":[{"embeddable":true,"href":"https:\/\/scoutsonda163.org\/ca\/wp-json\/wp\/v2\/users\/1"}],"replies":[{"embeddable":true,"href":"https:\/\/scoutsonda163.org\/ca\/wp-json\/wp\/v2\/comments?post=210"}],"version-history":[{"count":4,"href":"https:\/\/scoutsonda163.org\/ca\/wp-json\/wp\/v2\/pages\/210\/revisions"}],"predecessor-version":[{"id":451,"href":"https:\/\/scoutsonda163.org\/ca\/wp-json\/wp\/v2\/pages\/210\/revisions\/451"}],"wp:attachment":[{"href":"https:\/\/scoutsonda163.org\/ca\/wp-json\/wp\/v2\/media?parent=210"}],"curies":[{"name":"wp","href":"https:\/\/api.w.org\/{rel}","templated":true}]}}