{"id":209,"date":"2024-06-27T17:59:13","date_gmt":"2024-06-27T17:59:13","guid":{"rendered":"https:\/\/scoutsonda163.org\/?page_id=209"},"modified":"2024-09-24T19:52:39","modified_gmt":"2024-09-24T19:52:39","slug":"politica-de-privacidad","status":"publish","type":"page","link":"https:\/\/scoutsonda163.org\/ca\/politica-de-privacidad\/","title":{"rendered":"Pol\u00edtica de privacidad"},"content":{"rendered":"<div data-elementor-type=\"wp-page\" data-elementor-id=\"209\" class=\"elementor elementor-209\" data-elementor-post-type=\"page\">\n\t\t\t\t<div class=\"elementor-element elementor-element-2ec5b1b e-flex e-con-boxed wpr-particle-no wpr-jarallax-no wpr-parallax-no wpr-sticky-section-no wpr-equal-height-no e-con e-parent\" data-id=\"2ec5b1b\" data-element_type=\"container\" data-e-type=\"container\">\n\t\t\t\t\t<div class=\"e-con-inner\">\n\t\t\t\t<div class=\"elementor-element elementor-element-f4fe7cf elementor-widget elementor-widget-heading\" data-id=\"f4fe7cf\" data-element_type=\"widget\" data-e-type=\"widget\" data-widget_type=\"heading.default\">\n\t\t\t\t<div class=\"elementor-widget-container\">\n\t\t\t\t\t<h2 class=\"elementor-heading-title elementor-size-default\">Pol\u00edtica de privacidad.<\/h2>\t\t\t\t<\/div>\n\t\t\t\t<\/div>\n\t\t\t\t<div class=\"elementor-element elementor-element-6d78a1c elementor-widget elementor-widget-text-editor\" data-id=\"6d78a1c\" data-element_type=\"widget\" data-e-type=\"widget\" data-widget_type=\"text-editor.default\">\n\t\t\t\t<div class=\"elementor-widget-container\">\n\t\t\t\t\t\t\t\t\t<p>El responsable del tratamiento de datos es la asociaci\u00f3n Grup Scout Sant\u00edssim Salvador 163 (en adelante, el Grupo), con C.I.F. n\u00famero G12753869, con domicilio social en Carrer Ceramiste Abad, 2 ent. &#8211; 12200 Onda (Castell\u00f3) y direcci\u00f3n de correo electr\u00f3nico <a href=\"mailto:info@grupomarenostru.com\">info@scoutsonda163.org<\/a><\/p>\n<p>El Grupo trata sus datos personales con la \u00fanica finalidad de gestionar la relaci\u00f3n que nos une a nuestros socios, y facilitar a los interesados en pertenecer a \u00e9l la informaci\u00f3n que nos solicite.<\/p>\n<p>La base legal para el tratamiento de sus datos personales es el consentimiento que presta al aceptar esta Pol\u00edtica de Privacidad al facilitarnos sus datos, la adhesi\u00f3n voluntaria a ser parte integrante del Grupo, y <strong><em><span style=\"text-decoration: underline;\">el art\u00edculo 16&nbsp; de la Ley 4\/2008 de 18 de noviembre<\/span><\/em><\/strong>, de Asociaciones de la Comunidad Valenciana, que obliga a disponer de una relaci\u00f3n actualizada de personas asociadas.<\/p>\n<p>Los datos que solicitamos son adecuados, pertinentes y estrictamente necesarios. En ning\u00fan caso est\u00e1 obligado a facilit\u00e1rnoslos, pero en caso de no hacerlo imposibilitar\u00e1 su voluntad de pertenecer al Grupo, solicitar su ingreso o proporcionarle la informaci\u00f3n que requiera sobre nosotros.<\/p>\n<p>Los datos que nos proporcione en calidad de socio de la asociaci\u00f3n ser\u00e1n comunicados a:<\/p>\n<ul>\n<li>ASDE- Federaci\u00f3n de Asociaciones de Scouts de Espa\u00f1a, dado que pertenecemos a ellas y compartimos un censo com\u00fan.<\/li>\n<li>Para la gesti\u00f3n de cobros de recibos, facilitaremos los datos de los pagadores a la entidad bancaria que nos presta el servicio <em><span style=\"text-decoration: underline;\"><strong>(CAJA RURAL NUESTRA SE\u00d1ORA DE LA ESPERANZA DE ONDA, S. COOP.)<\/strong><\/span><\/em>.<\/li>\n<li>Para la gesti\u00f3n de partes de accidentes, facilitaremos los datos a la compa\u00f1\u00eda de seguros con la que tengamos contratada la correspondiente p\u00f3liza.<\/li>\n<li>Para la contrataci\u00f3n de servicios que sean de inter\u00e9s en beneficio del Grupo o de algunos de sus integrantes, y siempre con autorizaci\u00f3n previa de los titulares de los datos.<\/li>\n<li>Podr\u00e1n ser comunicados a otros terceros en el supuesto de que resulte necesario para el cumplimiento de una obligaci\u00f3n legal que nos aplique.<\/li>\n<\/ul>\n<p>Sus datos personales ser\u00e1n mantenidos en nuestros registros durante el tiempo que forme parte del Grupo. Una vez que se interrumpa la relaci\u00f3n, s\u00f3lo se mantendr\u00e1n los datos m\u00ednimos que sean adecuados o pertinentes, de acuerdo con la normativa en vigor y los plazos de prescripci\u00f3n de las posibles responsabilidades que puedan derivarse de nuestra relaci\u00f3n, para poder expedir certificados de pertenencia al Grupo, para comunicar acontecimientos especiales en el Grupo que puedan ser de su inter\u00e9s, o para efectos de estad\u00edsticas.<\/p>\n<p>Tiene derecho de acceso a sus datos personales de los que disponemos, tiene derecho a solicitar la rectificaci\u00f3n o supresi\u00f3n de los mismos, tiene el derecho de oposici\u00f3n, tiene derecho a limitar el tratamiento y el derecho de portabilidad de los datos.<\/p>\n<p>El titular de los datos podr\u00e1 ejercer sus derechos enviando un escrito al correo electr\u00f3nico&nbsp;<a href=\"mailto:info@grupomarenostru.com\">info@scoutsonda163.org<\/a>. Responderemos a la mayor brevedad posible y siempre en el plazo no superior a un mes desde la recepci\u00f3n del escrito.<\/p>\n<p>En el caso de que no est\u00e9 satisfecho con la atenci\u00f3n recibida cuando haya ejercido sus derechos ante el Grupo, puede reclamar en la Agencia Espa\u00f1ola de Protecci\u00f3n de Datos (www.aepd.es)<\/p>\n<p>Para garantizar la seguridad de sus datos personales, el Grupo ha adoptado las medidas t\u00e9cnicas y organizativas necesarias, para evitar su alteraci\u00f3n, p\u00e9rdida, o acceso indebido, teniendo en cuenta la naturaleza de los datos, los riesgos existentes y el impacto en su privacidad. Sin embargo, debe ser consciente de que la seguridad total no existe.<\/p>\n<p>El Grupo tiene implementadas medidas orientadas a que sus datos personales sean tratados con el mayor nivel de confidencialidad posible, por todas las personas que intervengan en su tratamiento.<\/p>\t\t\t\t\t\t\t\t<\/div>\n\t\t\t\t<\/div>\n\t\t\t\t\t<\/div>\n\t\t\t\t<\/div>\n\t\t\t\t<\/div>","protected":false},"excerpt":{"rendered":"<p>Pol\u00edtica de privacidad. El responsable del tratamiento de datos es la asociaci\u00f3n Grup Scout Sant\u00edssim Salvador 163 (en adelante, el Grupo), con C.I.F. n\u00famero G12753869, con domicilio social en Carrer Ceramiste Abad, 2 ent. &#8211; 12200 Onda (Castell\u00f3) y direcci\u00f3n de correo electr\u00f3nico info@scoutsonda163.org El Grupo trata sus datos personales con la \u00fanica finalidad de gestionar la relaci\u00f3n que nos une a nuestros socios, y facilitar a los interesados en pertenecer a \u00e9l la informaci\u00f3n que nos solicite. La base legal para el tratamiento de sus datos personales es el consentimiento que presta al aceptar esta Pol\u00edtica de Privacidad al facilitarnos sus datos, la adhesi\u00f3n voluntaria a ser parte integrante del Grupo, y el art\u00edculo 16&nbsp; de la Ley 4\/2008 de 18 de noviembre, de Asociaciones de la Comunidad Valenciana, que obliga a disponer de una relaci\u00f3n actualizada de personas asociadas. Los datos que solicitamos son adecuados, pertinentes y estrictamente necesarios. En ning\u00fan caso est\u00e1 obligado a facilit\u00e1rnoslos, pero en caso de no hacerlo imposibilitar\u00e1 su voluntad de pertenecer al Grupo, solicitar su ingreso o proporcionarle la informaci\u00f3n que requiera sobre nosotros. Los datos que nos proporcione en calidad de socio de la asociaci\u00f3n ser\u00e1n comunicados a: ASDE- Federaci\u00f3n de Asociaciones de Scouts de Espa\u00f1a, dado que pertenecemos a ellas y compartimos un censo com\u00fan. Para la gesti\u00f3n de cobros de recibos, facilitaremos los datos de los pagadores a la entidad bancaria que nos presta el servicio (CAJA RURAL NUESTRA SE\u00d1ORA DE LA ESPERANZA DE ONDA, S. COOP.). Para la gesti\u00f3n de partes de accidentes, facilitaremos los datos a la compa\u00f1\u00eda de seguros con la que tengamos contratada la correspondiente p\u00f3liza. Para la contrataci\u00f3n de servicios que sean de inter\u00e9s en beneficio del Grupo o de algunos de sus integrantes, y siempre con autorizaci\u00f3n previa de los titulares de los datos. Podr\u00e1n ser comunicados a otros terceros en el supuesto de que resulte necesario para el cumplimiento de una obligaci\u00f3n legal que nos aplique. Sus datos personales ser\u00e1n mantenidos en nuestros registros durante el tiempo que forme parte del Grupo. Una vez que se interrumpa la relaci\u00f3n, s\u00f3lo se mantendr\u00e1n los datos m\u00ednimos que sean adecuados o pertinentes, de acuerdo con la normativa en vigor y los plazos de prescripci\u00f3n de las posibles responsabilidades que puedan derivarse de nuestra relaci\u00f3n, para poder expedir certificados de pertenencia al Grupo, para comunicar acontecimientos especiales en el Grupo que puedan ser de su inter\u00e9s, o para efectos de estad\u00edsticas. Tiene derecho de acceso a sus datos personales de los que disponemos, tiene derecho a solicitar la rectificaci\u00f3n o supresi\u00f3n de los mismos, tiene el derecho de oposici\u00f3n, tiene derecho a limitar el tratamiento y el derecho de portabilidad de los datos. El titular de los datos podr\u00e1 ejercer sus derechos enviando un escrito al correo electr\u00f3nico&nbsp;info@scoutsonda163.org. Responderemos a la mayor brevedad posible y siempre en el plazo no superior a un mes desde la recepci\u00f3n del escrito. En el caso de que no est\u00e9 satisfecho con la atenci\u00f3n recibida cuando haya ejercido sus derechos ante el Grupo, puede reclamar en la Agencia Espa\u00f1ola de Protecci\u00f3n de Datos (www.aepd.es) Para garantizar la seguridad de sus datos personales, el Grupo ha adoptado las medidas t\u00e9cnicas y organizativas necesarias, para evitar su alteraci\u00f3n, p\u00e9rdida, o acceso indebido, teniendo en cuenta la naturaleza de los datos, los riesgos existentes y el impacto en su privacidad. Sin embargo, debe ser consciente de que la seguridad total no existe. El Grupo tiene implementadas medidas orientadas a que sus datos personales sean tratados con el mayor nivel de confidencialidad posible, por todas las personas que intervengan en su tratamiento.<\/p>","protected":false},"author":1,"featured_media":1243,"parent":0,"menu_order":0,"comment_status":"closed","ping_status":"closed","template":"","meta":{"_themeisle_gutenberg_block_has_review":false,"footnotes":""},"class_list":["post-209","page","type-page","status-publish","has-post-thumbnail","hentry"],"jetpack_sharing_enabled":true,"_links":{"self":[{"href":"https:\/\/scoutsonda163.org\/ca\/wp-json\/wp\/v2\/pages\/209","targetHints":{"allow":["GET"]}}],"collection":[{"href":"https:\/\/scoutsonda163.org\/ca\/wp-json\/wp\/v2\/pages"}],"about":[{"href":"https:\/\/scoutsonda163.org\/ca\/wp-json\/wp\/v2\/types\/page"}],"author":[{"embeddable":true,"href":"https:\/\/scoutsonda163.org\/ca\/wp-json\/wp\/v2\/users\/1"}],"replies":[{"embeddable":true,"href":"https:\/\/scoutsonda163.org\/ca\/wp-json\/wp\/v2\/comments?post=209"}],"version-history":[{"count":7,"href":"https:\/\/scoutsonda163.org\/ca\/wp-json\/wp\/v2\/pages\/209\/revisions"}],"predecessor-version":[{"id":1143,"href":"https:\/\/scoutsonda163.org\/ca\/wp-json\/wp\/v2\/pages\/209\/revisions\/1143"}],"wp:featuredmedia":[{"embeddable":true,"href":"https:\/\/scoutsonda163.org\/ca\/wp-json\/wp\/v2\/media\/1243"}],"wp:attachment":[{"href":"https:\/\/scoutsonda163.org\/ca\/wp-json\/wp\/v2\/media?parent=209"}],"curies":[{"name":"wp","href":"https:\/\/api.w.org\/{rel}","templated":true}]}}